{"id":6,"date":"2020-07-26T02:07:49","date_gmt":"2020-07-26T02:07:49","guid":{"rendered":"https:\/\/www.turistika.si\/zacetna-stran"},"modified":"2024-11-29T17:49:21","modified_gmt":"2024-11-29T17:49:21","slug":"turistika-3","status":"publish","type":"page","link":"https:\/\/www.turistika.si\/sl\/turistika-3\/","title":{"rendered":"Turistika \u2013 Turisti\u010dne knjige in vsebine o Sloveniji"},"content":{"rendered":"<div data-elementor-type=\"wp-page\" data-elementor-id=\"6\" class=\"elementor elementor-6\">\n\t\t\t\t\t\t<section class=\"elementor-section elementor-top-section elementor-element elementor-element-26894b5 elementor-section-boxed elementor-section-height-default elementor-section-height-default\" data-id=\"26894b5\" data-element_type=\"section\">\r\n\t\t\t\r\n\t\t\t\t\t\t\t\t\t<div class=\"elementor-container elementor-column-gap-default\">\r\n\t\t\t\t\t\t\t\t<div class=\"elementor-row\">\r\n\t\t\t\t\t\t\t<div class=\"elementor-column elementor-col-100 elementor-top-column elementor-element elementor-element-f730b36\" data-id=\"f730b36\" data-element_type=\"column\">\r\n\r\n\t\t\t\t\t<div class=\"elementor-column-wrap\">\r\n\t\t\t\t\t\t\t<div class=\"elementor-widget-wrap\">\r\n\t\t\t\t\t\t\t\t<\/div>\r\n\t\t\t\t\t<\/div>\r\n\t\t\t\t<\/div>\r\n\t\t\t\t\t\t<\/div>\r\n\t\t\t\t\t<\/div>\r\n\t\t\t\t<\/section>\r\n\t\t\t\t<section class=\"elementor-section elementor-top-section elementor-element elementor-element-c4a6b51 elementor-section-boxed elementor-section-height-default elementor-section-height-default\" data-id=\"c4a6b51\" data-element_type=\"section\">\r\n\t\t\t\r\n\t\t\t\t\t\t\t\t\t<div class=\"elementor-container elementor-column-gap-default\">\r\n\t\t\t\t\t\t\t\t<div class=\"elementor-row\">\r\n\t\t\t\t\t\t\t<div class=\"elementor-column elementor-col-100 elementor-top-column elementor-element elementor-element-4b6dfa6\" data-id=\"4b6dfa6\" data-element_type=\"column\">\r\n\r\n\t\t\t\t\t<div class=\"elementor-column-wrap\">\r\n\t\t\t\t\t\t\t<div class=\"elementor-widget-wrap\">\r\n\t\t\t\t\t\t\t\t<\/div>\r\n\t\t\t\t\t<\/div>\r\n\t\t\t\t<\/div>\r\n\t\t\t\t\t\t<\/div>\r\n\t\t\t\t\t<\/div>\r\n\t\t\t\t<\/section>\r\n\t\t\t\t<\/div>","protected":false},"excerpt":{"rendered":"<p>Zalo\u017eba Turistika je specializirana turisti\u010dna zalo\u017eba, osredoto\u010dena na celovito predstavitev Slovenije, njenih naravnih znamenitosti, kulturne dedi\u0161\u010dine in zgodovinskih vrednot. Njihov program zdru\u017euje bogate strokovne informacije, ki omogo\u010dajo bralcem poglobljeno raziskovanje posameznih krajev in regij. Knjige so namenjene tako tujcem kot Slovencem, ki radi odkrivajo znamenitosti in skrite koti\u010dke Slovenije, saj so dostopne tudi v ve\u010d [&hellip;]<\/p>","protected":false},"author":4,"featured_media":10270,"parent":0,"menu_order":0,"comment_status":"closed","ping_status":"closed","template":"","meta":{"footnotes":""},"class_list":["post-6","page","type-page","status-publish","has-post-thumbnail","hentry"],"yoast_head":"<!-- This site is optimized with the Yoast SEO plugin v23.9 - https:\/\/yoast.com\/wordpress\/plugins\/seo\/ -->\n<title>Turistika \u2013 Turisti\u010dne knjige in vsebine o Sloveniji - Turistika<\/title>\n<meta name=\"description\" content=\"Turistika ponuja turisti\u010dne knjige in digitalne vsebine o Sloveniji. Odkrijte naravne znamenitosti, kulturno dedi\u0161\u010dino in skrite koti\u010dke ...\" \/>\n<meta name=\"robots\" content=\"index, follow, max-snippet:-1, max-image-preview:large, max-video-preview:-1\" \/>\n<link rel=\"canonical\" href=\"https:\/\/www.turistika.si\/sl\/turistika-3\/\" \/>\n<meta property=\"og:locale\" content=\"sl_SI\" \/>\n<meta property=\"og:type\" content=\"article\" \/>\n<meta property=\"og:title\" content=\"Turistika \u2013 Turisti\u010dne knjige in vsebine o Sloveniji - Turistika\" \/>\n<meta property=\"og:description\" content=\"Turistika ponuja turisti\u010dne knjige in digitalne vsebine o Sloveniji. Odkrijte naravne znamenitosti, kulturno dedi\u0161\u010dino in skrite koti\u010dke ...\" \/>\n<meta property=\"og:url\" content=\"https:\/\/www.turistika.si\/sl\/turistika-3\/\" \/>\n<meta property=\"og:site_name\" content=\"Turistika\" \/>\n<meta property=\"article:modified_time\" content=\"2024-11-29T17:49:21+00:00\" \/>\n<meta property=\"og:image\" content=\"https:\/\/www.turistika.si\/wp-content\/uploads\/2024\/11\/Books-on-Slovenia.png\" \/>\n\t<meta property=\"og:image:width\" content=\"1358\" \/>\n\t<meta property=\"og:image:height\" content=\"789\" \/>\n\t<meta property=\"og:image:type\" content=\"image\/png\" \/>\n<meta name=\"twitter:card\" content=\"summary_large_image\" \/>\n<meta name=\"twitter:label1\" content=\"Est. reading time\" \/>\n\t<meta name=\"twitter:data1\" content=\"2 minuti\" \/>\n<script type=\"application\/ld+json\" class=\"yoast-schema-graph\">{\"@context\":\"https:\/\/schema.org\",\"@graph\":[{\"@type\":\"WebPage\",\"@id\":\"https:\/\/www.turistika.si\/turistika-3\/\",\"url\":\"https:\/\/www.turistika.si\/turistika-3\/\",\"name\":\"Turistika \u2013 Turisti\u010dne knjige in vsebine o Sloveniji - Turistika\",\"isPartOf\":{\"@id\":\"https:\/\/www.turistika.si\/#website\"},\"primaryImageOfPage\":{\"@id\":\"https:\/\/www.turistika.si\/turistika-3\/#primaryimage\"},\"image\":{\"@id\":\"https:\/\/www.turistika.si\/turistika-3\/#primaryimage\"},\"thumbnailUrl\":\"https:\/\/www.turistika.si\/wp-content\/uploads\/2024\/11\/Books-on-Slovenia.png\",\"datePublished\":\"2020-07-26T02:07:49+00:00\",\"dateModified\":\"2024-11-29T17:49:21+00:00\",\"description\":\"Turistika ponuja turisti\u010dne knjige in digitalne vsebine o Sloveniji. Odkrijte naravne znamenitosti, kulturno dedi\u0161\u010dino in skrite koti\u010dke ...\",\"breadcrumb\":{\"@id\":\"https:\/\/www.turistika.si\/turistika-3\/#breadcrumb\"},\"inLanguage\":\"sl-SI\",\"potentialAction\":[{\"@type\":\"ReadAction\",\"target\":[\"https:\/\/www.turistika.si\/turistika-3\/\"]}]},{\"@type\":\"ImageObject\",\"inLanguage\":\"sl-SI\",\"@id\":\"https:\/\/www.turistika.si\/turistika-3\/#primaryimage\",\"url\":\"https:\/\/www.turistika.si\/wp-content\/uploads\/2024\/11\/Books-on-Slovenia.png\",\"contentUrl\":\"https:\/\/www.turistika.si\/wp-content\/uploads\/2024\/11\/Books-on-Slovenia.png\",\"width\":1358,\"height\":789,\"caption\":\"Books on Slovenia\"},{\"@type\":\"BreadcrumbList\",\"@id\":\"https:\/\/www.turistika.si\/turistika-3\/#breadcrumb\",\"itemListElement\":[{\"@type\":\"ListItem\",\"position\":1,\"name\":\"Home\",\"item\":\"https:\/\/www.turistika.si\/\"},{\"@type\":\"ListItem\",\"position\":2,\"name\":\"Turistika \u2013 Turisti\u010dne knjige in vsebine o Sloveniji\"}]},{\"@type\":\"WebSite\",\"@id\":\"https:\/\/www.turistika.si\/#website\",\"url\":\"https:\/\/www.turistika.si\/\",\"name\":\"Turistika\",\"description\":\"Zalo\u017eba Turistika ponuja turisti\u010dne knjige in digitalne vsebine o Sloveniji. Odkrijte naravne znamenitosti, kulturno dedi\u0161\u010dino in skrite koti\u010dke z na\u0161o pomo\u010djo.\",\"potentialAction\":[{\"@type\":\"SearchAction\",\"target\":{\"@type\":\"EntryPoint\",\"urlTemplate\":\"https:\/\/www.turistika.si\/?s={search_term_string}\"},\"query-input\":{\"@type\":\"PropertyValueSpecification\",\"valueRequired\":true,\"valueName\":\"search_term_string\"}}],\"inLanguage\":\"sl-SI\"}]}<\/script>\n<!-- \/ Yoast SEO plugin. -->","yoast_head_json":{"title":"Turistika \u2013 Turisti\u010dne knjige in vsebine o Sloveniji - Turistika","description":"Turistika ponuja turisti\u010dne knjige in digitalne vsebine o Sloveniji. Odkrijte naravne znamenitosti, kulturno dedi\u0161\u010dino in skrite koti\u010dke ...","robots":{"index":"index","follow":"follow","max-snippet":"max-snippet:-1","max-image-preview":"max-image-preview:large","max-video-preview":"max-video-preview:-1"},"canonical":"https:\/\/www.turistika.si\/sl\/turistika-3\/","og_locale":"sl_SI","og_type":"article","og_title":"Turistika \u2013 Turisti\u010dne knjige in vsebine o Sloveniji - Turistika","og_description":"Turistika ponuja turisti\u010dne knjige in digitalne vsebine o Sloveniji. Odkrijte naravne znamenitosti, kulturno dedi\u0161\u010dino in skrite koti\u010dke ...","og_url":"https:\/\/www.turistika.si\/sl\/turistika-3\/","og_site_name":"Turistika","article_modified_time":"2024-11-29T17:49:21+00:00","og_image":[{"width":1358,"height":789,"url":"https:\/\/www.turistika.si\/wp-content\/uploads\/2024\/11\/Books-on-Slovenia.png","type":"image\/png"}],"twitter_card":"summary_large_image","twitter_misc":{"Est. reading time":"2 minuti"},"schema":{"@context":"https:\/\/schema.org","@graph":[{"@type":"WebPage","@id":"https:\/\/www.turistika.si\/turistika-3\/","url":"https:\/\/www.turistika.si\/turistika-3\/","name":"Turistika \u2013 Turisti\u010dne knjige in vsebine o Sloveniji - Turistika","isPartOf":{"@id":"https:\/\/www.turistika.si\/#website"},"primaryImageOfPage":{"@id":"https:\/\/www.turistika.si\/turistika-3\/#primaryimage"},"image":{"@id":"https:\/\/www.turistika.si\/turistika-3\/#primaryimage"},"thumbnailUrl":"https:\/\/www.turistika.si\/wp-content\/uploads\/2024\/11\/Books-on-Slovenia.png","datePublished":"2020-07-26T02:07:49+00:00","dateModified":"2024-11-29T17:49:21+00:00","description":"Turistika ponuja turisti\u010dne knjige in digitalne vsebine o Sloveniji. Odkrijte naravne znamenitosti, kulturno dedi\u0161\u010dino in skrite koti\u010dke ...","breadcrumb":{"@id":"https:\/\/www.turistika.si\/turistika-3\/#breadcrumb"},"inLanguage":"sl-SI","potentialAction":[{"@type":"ReadAction","target":["https:\/\/www.turistika.si\/turistika-3\/"]}]},{"@type":"ImageObject","inLanguage":"sl-SI","@id":"https:\/\/www.turistika.si\/turistika-3\/#primaryimage","url":"https:\/\/www.turistika.si\/wp-content\/uploads\/2024\/11\/Books-on-Slovenia.png","contentUrl":"https:\/\/www.turistika.si\/wp-content\/uploads\/2024\/11\/Books-on-Slovenia.png","width":1358,"height":789,"caption":"Books on Slovenia"},{"@type":"BreadcrumbList","@id":"https:\/\/www.turistika.si\/turistika-3\/#breadcrumb","itemListElement":[{"@type":"ListItem","position":1,"name":"Home","item":"https:\/\/www.turistika.si\/"},{"@type":"ListItem","position":2,"name":"Turistika \u2013 Turisti\u010dne knjige in vsebine o Sloveniji"}]},{"@type":"WebSite","@id":"https:\/\/www.turistika.si\/#website","url":"https:\/\/www.turistika.si\/","name":"Turistika","description":"Zalo\u017eba Turistika ponuja turisti\u010dne knjige in digitalne vsebine o Sloveniji. Odkrijte naravne znamenitosti, kulturno dedi\u0161\u010dino in skrite koti\u010dke z na\u0161o pomo\u010djo.","potentialAction":[{"@type":"SearchAction","target":{"@type":"EntryPoint","urlTemplate":"https:\/\/www.turistika.si\/?s={search_term_string}"},"query-input":{"@type":"PropertyValueSpecification","valueRequired":true,"valueName":"search_term_string"}}],"inLanguage":"sl-SI"}]}},"_links":{"self":[{"href":"https:\/\/www.turistika.si\/sl\/wp-json\/wp\/v2\/pages\/6"}],"collection":[{"href":"https:\/\/www.turistika.si\/sl\/wp-json\/wp\/v2\/pages"}],"about":[{"href":"https:\/\/www.turistika.si\/sl\/wp-json\/wp\/v2\/types\/page"}],"author":[{"embeddable":true,"href":"https:\/\/www.turistika.si\/sl\/wp-json\/wp\/v2\/users\/4"}],"replies":[{"embeddable":true,"href":"https:\/\/www.turistika.si\/sl\/wp-json\/wp\/v2\/comments?post=6"}],"version-history":[{"count":444,"href":"https:\/\/www.turistika.si\/sl\/wp-json\/wp\/v2\/pages\/6\/revisions"}],"predecessor-version":[{"id":10280,"href":"https:\/\/www.turistika.si\/sl\/wp-json\/wp\/v2\/pages\/6\/revisions\/10280"}],"wp:featuredmedia":[{"embeddable":true,"href":"https:\/\/www.turistika.si\/sl\/wp-json\/wp\/v2\/media\/10270"}],"wp:attachment":[{"href":"https:\/\/www.turistika.si\/sl\/wp-json\/wp\/v2\/media?parent=6"}],"curies":[{"name":"wp","href":"https:\/\/api.w.org\/{rel}","templated":true}]}}