{"id":6581,"date":"2020-03-27T22:58:42","date_gmt":"2020-03-27T21:58:42","guid":{"rendered":"https:\/\/turistika.si\/?page_id=6581"},"modified":"2023-02-09T15:38:49","modified_gmt":"2023-02-09T15:38:49","slug":"zasebnost","status":"publish","type":"page","link":"https:\/\/www.turistika.si\/sl\/zasebnost\/","title":{"rendered":"Zasebnost"},"content":{"rendered":"<div data-elementor-type=\"wp-page\" data-elementor-id=\"6581\" class=\"elementor elementor-6581\">\n\t\t\t\t\t\t<section class=\"elementor-section elementor-top-section elementor-element elementor-element-469e31e8 elementor-section-boxed elementor-section-height-default elementor-section-height-default\" data-id=\"469e31e8\" data-element_type=\"section\">\r\n\t\t\t\r\n\t\t\t\t\t\t\t\t\t<div class=\"elementor-container elementor-column-gap-default\">\r\n\t\t\t\t\t\t\t\t<div class=\"elementor-row\">\r\n\t\t\t\t\t\t\t<div class=\"elementor-column elementor-col-100 elementor-top-column elementor-element elementor-element-5d56f14e\" data-id=\"5d56f14e\" data-element_type=\"column\">\r\n\r\n\t\t\t\t\t<div class=\"elementor-column-wrap elementor-element-populated\">\r\n\t\t\t\t\t\t\t<div class=\"elementor-widget-wrap\">\r\n\t\t\t\t\t\t<div class=\"elementor-element elementor-element-51c0c71f elementor-widget elementor-widget-text-editor\" data-id=\"51c0c71f\" data-element_type=\"widget\" data-widget_type=\"text-editor.default\">\n\t\t\t\t<div class=\"elementor-widget-container\">\n\t\t\t\t\t\t\t<strong style=\"color: var(--porto-h3-color, #222529); letter-spacing: var(--porto-body-ls, normal);\">Zasebnost<\/strong>\n<div class=\"kc-elm kc-css-127754 kc_col-sm-8 kc_column kc_col-sm-8\">\n<div class=\"kc-col-container\">\n<div class=\"kc-elm kc-css-1229146 kc_text_block\">\n\nIzjava o varovanju osebnih podatkov in uporabi pi\u0161kotkov\n<h5>Varstvo osebnih podatkov<\/h5>\nZagotavljamo vam, da bomo vse podatke o vas, ki nam jih boste na kakr\u0161enkoli na\u010din posredovali, brezpogojno varovali ter ravnali z njimi v skladu z Zakonom o varstvu osebnih podatkov.\n\nVa\u0161ih podatkov ne bomo pod nobenim pogojem uporabili brez va\u0161ega privoljenja, jih kakorkoli namerno posredovali ali dali v uporabo tretjim osebam ali institucijam, razen v primerih, ki jih dolo\u010da zakon.\n\nPodatki, ki nam jih boste posredovali, ne bodo uporabljeni v nobene druge namene kot po\u0161iljanje informativnega gradiva, ponudb, ra\u010dunov in ostalo potrebno komunikacijo z registriranimi \u010dlani portala in na\u0161e spletne trgovine.\n\nVa\u0161i podatki ne bodo nikoli uporabljeni v namene, ki niso v skladu z zakonom, ali v namene, ki bi vam lahko kakorkoli \u0161kodovali.\nVa\u0161i osebni podatki se bodo shranjevali in uporabljali le toliko \u010dasa, dokler bo to potrebno za dosego namena, zaradi katerega so bili obdelovani.\n\nVa\u0161e osebne podatke, ki ste jih posredovali pri vpisu ali pozneje, lahko kadarkoli preverite in tudi naknadno spremenite. Izbri\u0161ete pam jih lahko tako, da po\u0161ljete zahtevo na na\u0161 naslov.\n<h5>Uporaba pi\u0161kotkov<\/h5>\n<strong>Kaj so pi\u0161kotki?<\/strong>\n\nPi\u0161kotki so majhne tekstovne datoteke, ki jih spletna stran nalo\u017ei na va\u0161 ra\u010dunalnik. Nekateri pi\u0161kotki so nujno potrebni za delovanje spletnih strani, saj brez njih denimo ne morete opraviti spletnega nakupa, prikazovanja vsebine v izbranem jeziku in podobno. Pi\u0161kotki ne vsebujejo nobenih osebnih ali drugih podatkov, ki bi jih bilo mogo\u010de uporabiti za identifikacijo uporabnika, zato vam priporo\u010damo, da v njihovo uporabo privolite.\n\n<strong>Zakaj so pi\u0161kotki potrebni?<\/strong>\n\nPi\u0161kotki so potrebni za nemoteno zagotavljanje spletnih storitev. Najpogostej\u0161e funkcije spletne strani brez pi\u0161kotkov ne bi bile mogo\u010de. Z njihovo pomo\u010djo si spletna stran zapomni posameznikove nastavitve, s \u010dimer je omogo\u010deno u\u010dinkovitej\u0161e in hitrej\u0161e ogledovanje vsebine, nakupovanje in podobno.\n\nPi\u0161kotki spletnega mesta turistika.si\nPi\u0161kotki, ki jih uporablja na\u0161a spletna stran, so zgolj pi\u0161kotki, ki so nujni za osnovno delovanje spletne strani, kot so va\u0161e osebne nastavitve, izbira jezika, vsebina va\u0161e ko\u0161arice, statstiko obiska strani in ne vsebujejo nobenih osebnih ali drugh podatkov, ki bi jih bilo mogo\u010de uporabiti za identifikacijo uporabnika.\n\nOnemogo\u010denje in upravljanje pi\u0161kotkov\nVe\u010dina spletnih brskalnikov samodejno sprejme pi\u0161kotke. Veljavnost pi\u0161kotkov je lahko kratkotrajna ali dolgotrajna, po poteku veljavnosti brskalnik pi\u0161kotke samodejno izbri\u0161e. Uporabnik lahko vse pi\u0161kotke ali pi\u0161kotke za posamezno spleti\u0161\u010de (domeno) izbri\u0161e tudi ro\u010dno ali pa uporabo pi\u0161kotkov v brskalniku v celoti onemogo\u010di. Navodila za izbris pi\u0161kotkov ali onemogo\u010ditev njihove uporabe lahko najdete v sklopu pomo\u010di va\u0161ega spletnega brskalnika. V primeru, da boste uporabo pi\u0161kotkov v celoti onemogo\u010dili vam nekatere funkcionalnosti spletnih strani ne bodo delovale pravilno.\n\nVe\u010d o pi\u0161kotkih lahko preberete tukaj: <a href=\"http:\/\/www.aboutcookies.org.uk\/\">About Cookies website<\/a>\n\nZa informacije o nastavitvah za pi\u0161kotke izberite spletni brskalnik, ki ga uporabljate.\n\n<\/div>\n<\/div>\n<\/div>\n<div class=\"kc-elm kc-css-1057212 kc_col-sm-2 kc_column kc_col-sm-2\">\n<div class=\"kc-col-container\"><\/div>\n<\/div>\t\t\t\t\t\t<\/div>\n\t\t\t\t<\/div>\n\t\t\t\t\t\t<\/div>\r\n\t\t\t\t\t<\/div>\r\n\t\t\t\t<\/div>\r\n\t\t\t\t\t\t<\/div>\r\n\t\t\t\t\t<\/div>\r\n\t\t\t\t<\/section>\r\n\t\t\t\t<\/div>","protected":false},"excerpt":{"rendered":"<p>Zasebnost Izjava o varovanju osebnih podatkov in uporabi pi\u0161kotkov Varstvo osebnih podatkov Zagotavljamo vam, da bomo vse podatke o vas, ki nam jih boste na kakr\u0161enkoli na\u010din posredovali, brezpogojno varovali ter ravnali z njimi v skladu z Zakonom o varstvu osebnih podatkov. Va\u0161ih podatkov ne bomo pod nobenim pogojem uporabili brez va\u0161ega privoljenja, jih kakorkoli [&hellip;]<\/p>","protected":false},"author":4,"featured_media":0,"parent":0,"menu_order":0,"comment_status":"closed","ping_status":"closed","template":"","meta":{"footnotes":""},"class_list":["post-6581","page","type-page","status-publish","hentry"],"yoast_head":"<!-- This site is optimized with the Yoast SEO plugin v23.9 - https:\/\/yoast.com\/wordpress\/plugins\/seo\/ -->\n<title>Zasebnost - Turistika<\/title>\n<meta name=\"robots\" content=\"index, follow, max-snippet:-1, max-image-preview:large, max-video-preview:-1\" \/>\n<link rel=\"canonical\" href=\"https:\/\/www.turistika.si\/sl\/zasebnost\/\" \/>\n<meta property=\"og:locale\" content=\"sl_SI\" \/>\n<meta property=\"og:type\" content=\"article\" \/>\n<meta property=\"og:title\" content=\"Zasebnost - Turistika\" \/>\n<meta property=\"og:description\" content=\"Zasebnost Izjava o varovanju osebnih podatkov in uporabi pi\u0161kotkov Varstvo osebnih podatkov Zagotavljamo vam, da bomo vse podatke o vas, ki nam jih boste na kakr\u0161enkoli na\u010din posredovali, brezpogojno varovali ter ravnali z njimi v skladu z Zakonom o varstvu osebnih podatkov. Va\u0161ih podatkov ne bomo pod nobenim pogojem uporabili brez va\u0161ega privoljenja, jih kakorkoli [&hellip;]\" \/>\n<meta property=\"og:url\" content=\"https:\/\/www.turistika.si\/sl\/zasebnost\/\" \/>\n<meta property=\"og:site_name\" content=\"Turistika\" \/>\n<meta property=\"article:modified_time\" content=\"2023-02-09T15:38:49+00:00\" \/>\n<meta name=\"twitter:card\" content=\"summary_large_image\" \/>\n<meta name=\"twitter:label1\" content=\"Est. reading time\" \/>\n\t<meta name=\"twitter:data1\" content=\"2 minuti\" \/>\n<script type=\"application\/ld+json\" class=\"yoast-schema-graph\">{\"@context\":\"https:\/\/schema.org\",\"@graph\":[{\"@type\":\"WebPage\",\"@id\":\"https:\/\/www.turistika.si\/zasebnost\/\",\"url\":\"https:\/\/www.turistika.si\/zasebnost\/\",\"name\":\"Zasebnost - Turistika\",\"isPartOf\":{\"@id\":\"https:\/\/www.turistika.si\/#website\"},\"datePublished\":\"2020-03-27T21:58:42+00:00\",\"dateModified\":\"2023-02-09T15:38:49+00:00\",\"breadcrumb\":{\"@id\":\"https:\/\/www.turistika.si\/zasebnost\/#breadcrumb\"},\"inLanguage\":\"sl-SI\",\"potentialAction\":[{\"@type\":\"ReadAction\",\"target\":[\"https:\/\/www.turistika.si\/zasebnost\/\"]}]},{\"@type\":\"BreadcrumbList\",\"@id\":\"https:\/\/www.turistika.si\/zasebnost\/#breadcrumb\",\"itemListElement\":[{\"@type\":\"ListItem\",\"position\":1,\"name\":\"Home\",\"item\":\"https:\/\/www.turistika.si\/\"},{\"@type\":\"ListItem\",\"position\":2,\"name\":\"Zasebnost\"}]},{\"@type\":\"WebSite\",\"@id\":\"https:\/\/www.turistika.si\/#website\",\"url\":\"https:\/\/www.turistika.si\/\",\"name\":\"Turistika\",\"description\":\"Zalo\u017eba Turistika ponuja turisti\u010dne knjige in digitalne vsebine o Sloveniji. Odkrijte naravne znamenitosti, kulturno dedi\u0161\u010dino in skrite koti\u010dke z na\u0161o pomo\u010djo.\",\"potentialAction\":[{\"@type\":\"SearchAction\",\"target\":{\"@type\":\"EntryPoint\",\"urlTemplate\":\"https:\/\/www.turistika.si\/?s={search_term_string}\"},\"query-input\":{\"@type\":\"PropertyValueSpecification\",\"valueRequired\":true,\"valueName\":\"search_term_string\"}}],\"inLanguage\":\"sl-SI\"}]}<\/script>\n<!-- \/ Yoast SEO plugin. -->","yoast_head_json":{"title":"Zasebnost - Turistika","robots":{"index":"index","follow":"follow","max-snippet":"max-snippet:-1","max-image-preview":"max-image-preview:large","max-video-preview":"max-video-preview:-1"},"canonical":"https:\/\/www.turistika.si\/sl\/zasebnost\/","og_locale":"sl_SI","og_type":"article","og_title":"Zasebnost - Turistika","og_description":"Zasebnost Izjava o varovanju osebnih podatkov in uporabi pi\u0161kotkov Varstvo osebnih podatkov Zagotavljamo vam, da bomo vse podatke o vas, ki nam jih boste na kakr\u0161enkoli na\u010din posredovali, brezpogojno varovali ter ravnali z njimi v skladu z Zakonom o varstvu osebnih podatkov. Va\u0161ih podatkov ne bomo pod nobenim pogojem uporabili brez va\u0161ega privoljenja, jih kakorkoli [&hellip;]","og_url":"https:\/\/www.turistika.si\/sl\/zasebnost\/","og_site_name":"Turistika","article_modified_time":"2023-02-09T15:38:49+00:00","twitter_card":"summary_large_image","twitter_misc":{"Est. reading time":"2 minuti"},"schema":{"@context":"https:\/\/schema.org","@graph":[{"@type":"WebPage","@id":"https:\/\/www.turistika.si\/zasebnost\/","url":"https:\/\/www.turistika.si\/zasebnost\/","name":"Zasebnost - Turistika","isPartOf":{"@id":"https:\/\/www.turistika.si\/#website"},"datePublished":"2020-03-27T21:58:42+00:00","dateModified":"2023-02-09T15:38:49+00:00","breadcrumb":{"@id":"https:\/\/www.turistika.si\/zasebnost\/#breadcrumb"},"inLanguage":"sl-SI","potentialAction":[{"@type":"ReadAction","target":["https:\/\/www.turistika.si\/zasebnost\/"]}]},{"@type":"BreadcrumbList","@id":"https:\/\/www.turistika.si\/zasebnost\/#breadcrumb","itemListElement":[{"@type":"ListItem","position":1,"name":"Home","item":"https:\/\/www.turistika.si\/"},{"@type":"ListItem","position":2,"name":"Zasebnost"}]},{"@type":"WebSite","@id":"https:\/\/www.turistika.si\/#website","url":"https:\/\/www.turistika.si\/","name":"Turistika","description":"Zalo\u017eba Turistika ponuja turisti\u010dne knjige in digitalne vsebine o Sloveniji. Odkrijte naravne znamenitosti, kulturno dedi\u0161\u010dino in skrite koti\u010dke z na\u0161o pomo\u010djo.","potentialAction":[{"@type":"SearchAction","target":{"@type":"EntryPoint","urlTemplate":"https:\/\/www.turistika.si\/?s={search_term_string}"},"query-input":{"@type":"PropertyValueSpecification","valueRequired":true,"valueName":"search_term_string"}}],"inLanguage":"sl-SI"}]}},"_links":{"self":[{"href":"https:\/\/www.turistika.si\/sl\/wp-json\/wp\/v2\/pages\/6581"}],"collection":[{"href":"https:\/\/www.turistika.si\/sl\/wp-json\/wp\/v2\/pages"}],"about":[{"href":"https:\/\/www.turistika.si\/sl\/wp-json\/wp\/v2\/types\/page"}],"author":[{"embeddable":true,"href":"https:\/\/www.turistika.si\/sl\/wp-json\/wp\/v2\/users\/4"}],"replies":[{"embeddable":true,"href":"https:\/\/www.turistika.si\/sl\/wp-json\/wp\/v2\/comments?post=6581"}],"version-history":[{"count":4,"href":"https:\/\/www.turistika.si\/sl\/wp-json\/wp\/v2\/pages\/6581\/revisions"}],"predecessor-version":[{"id":10100,"href":"https:\/\/www.turistika.si\/sl\/wp-json\/wp\/v2\/pages\/6581\/revisions\/10100"}],"wp:attachment":[{"href":"https:\/\/www.turistika.si\/sl\/wp-json\/wp\/v2\/media?parent=6581"}],"curies":[{"name":"wp","href":"https:\/\/api.w.org\/{rel}","templated":true}]}}