{"id":9,"date":"2016-10-20T07:11:54","date_gmt":"2016-10-20T07:11:54","guid":{"rendered":"http:\/\/demo.tokomoo.com\/pustaka\/buku\/my-account\/"},"modified":"2016-10-20T07:11:54","modified_gmt":"2016-10-20T07:11:54","slug":"my-account-2","status":"publish","type":"page","link":"https:\/\/www.turistika.si\/sl\/my-account-2\/","title":{"rendered":"My Account"},"content":{"rendered":"<p>[vc_row][vc_column][vc_column_text css=&#8221;.vc_custom_1592223593599{padding-bottom: 50px !important;}&#8221;]<\/p>\n<h4 style=\"text-align: center;\">My Account<\/h4>\n<p>[\/vc_column_text]<div class=\"woocommerce\"><\/div>[\/vc_column][\/vc_row][vc_row][vc_column][trx_line top=&#8221;large&#8221; bottom=&#8221;large&#8221;][\/vc_column][\/vc_row]<\/p>","protected":false},"excerpt":{"rendered":"<p>[vc_row][vc_column][vc_column_text css=&#8221;.vc_custom_1592223593599{padding-bottom: 50px !important;}&#8221;] My Account [\/vc_column_text][\/vc_column][\/vc_row][vc_row][vc_column][trx_line top=&#8221;large&#8221; bottom=&#8221;large&#8221;][\/vc_column][\/vc_row]<\/p>","protected":false},"author":4,"featured_media":0,"parent":0,"menu_order":0,"comment_status":"closed","ping_status":"closed","template":"","meta":{"footnotes":""},"class_list":["post-9","page","type-page","status-publish","hentry"],"yoast_head":"<!-- This site is optimized with the Yoast SEO plugin v23.9 - https:\/\/yoast.com\/wordpress\/plugins\/seo\/ -->\n<title>My Account - Turistika<\/title>\n<meta name=\"robots\" content=\"index, follow, max-snippet:-1, max-image-preview:large, max-video-preview:-1\" \/>\n<link rel=\"canonical\" href=\"https:\/\/www.turistika.si\/sl\/my-account-2\/\" \/>\n<meta property=\"og:locale\" content=\"sl_SI\" \/>\n<meta property=\"og:type\" content=\"article\" \/>\n<meta property=\"og:title\" content=\"My Account - Turistika\" \/>\n<meta property=\"og:description\" content=\"[vc_row][vc_column][vc_column_text css=&#8221;.vc_custom_1592223593599{padding-bottom: 50px !important;}&#8221;] My Account [\/vc_column_text][\/vc_column][\/vc_row][vc_row][vc_column][trx_line top=&#8221;large&#8221; bottom=&#8221;large&#8221;][\/vc_column][\/vc_row]\" \/>\n<meta property=\"og:url\" content=\"https:\/\/www.turistika.si\/sl\/my-account-2\/\" \/>\n<meta property=\"og:site_name\" content=\"Turistika\" \/>\n<meta name=\"twitter:card\" content=\"summary_large_image\" \/>\n<script type=\"application\/ld+json\" class=\"yoast-schema-graph\">{\"@context\":\"https:\/\/schema.org\",\"@graph\":[{\"@type\":\"WebPage\",\"@id\":\"https:\/\/www.turistika.si\/sl\/my-account-2\/\",\"url\":\"https:\/\/www.turistika.si\/sl\/my-account-2\/\",\"name\":\"My Account - Turistika\",\"isPartOf\":{\"@id\":\"https:\/\/www.turistika.si\/#website\"},\"datePublished\":\"2016-10-20T07:11:54+00:00\",\"dateModified\":\"2016-10-20T07:11:54+00:00\",\"breadcrumb\":{\"@id\":\"https:\/\/www.turistika.si\/sl\/my-account-2\/#breadcrumb\"},\"inLanguage\":\"sl-SI\",\"potentialAction\":[{\"@type\":\"ReadAction\",\"target\":[\"https:\/\/www.turistika.si\/sl\/my-account-2\/\"]}]},{\"@type\":\"BreadcrumbList\",\"@id\":\"https:\/\/www.turistika.si\/sl\/my-account-2\/#breadcrumb\",\"itemListElement\":[{\"@type\":\"ListItem\",\"position\":1,\"name\":\"Home\",\"item\":\"https:\/\/www.turistika.si\/\"},{\"@type\":\"ListItem\",\"position\":2,\"name\":\"My Account\"}]},{\"@type\":\"WebSite\",\"@id\":\"https:\/\/www.turistika.si\/#website\",\"url\":\"https:\/\/www.turistika.si\/\",\"name\":\"Turistika\",\"description\":\"Zalo\u017eba Turistika ponuja turisti\u010dne knjige in digitalne vsebine o Sloveniji. Odkrijte naravne znamenitosti, kulturno dedi\u0161\u010dino in skrite koti\u010dke z na\u0161o pomo\u010djo.\",\"potentialAction\":[{\"@type\":\"SearchAction\",\"target\":{\"@type\":\"EntryPoint\",\"urlTemplate\":\"https:\/\/www.turistika.si\/?s={search_term_string}\"},\"query-input\":{\"@type\":\"PropertyValueSpecification\",\"valueRequired\":true,\"valueName\":\"search_term_string\"}}],\"inLanguage\":\"sl-SI\"}]}<\/script>\n<!-- \/ Yoast SEO plugin. -->","yoast_head_json":{"title":"My Account - Turistika","robots":{"index":"index","follow":"follow","max-snippet":"max-snippet:-1","max-image-preview":"max-image-preview:large","max-video-preview":"max-video-preview:-1"},"canonical":"https:\/\/www.turistika.si\/sl\/my-account-2\/","og_locale":"sl_SI","og_type":"article","og_title":"My Account - Turistika","og_description":"[vc_row][vc_column][vc_column_text css=&#8221;.vc_custom_1592223593599{padding-bottom: 50px !important;}&#8221;] My Account [\/vc_column_text][\/vc_column][\/vc_row][vc_row][vc_column][trx_line top=&#8221;large&#8221; bottom=&#8221;large&#8221;][\/vc_column][\/vc_row]","og_url":"https:\/\/www.turistika.si\/sl\/my-account-2\/","og_site_name":"Turistika","twitter_card":"summary_large_image","schema":{"@context":"https:\/\/schema.org","@graph":[{"@type":"WebPage","@id":"https:\/\/www.turistika.si\/sl\/my-account-2\/","url":"https:\/\/www.turistika.si\/sl\/my-account-2\/","name":"My Account - Turistika","isPartOf":{"@id":"https:\/\/www.turistika.si\/#website"},"datePublished":"2016-10-20T07:11:54+00:00","dateModified":"2016-10-20T07:11:54+00:00","breadcrumb":{"@id":"https:\/\/www.turistika.si\/sl\/my-account-2\/#breadcrumb"},"inLanguage":"sl-SI","potentialAction":[{"@type":"ReadAction","target":["https:\/\/www.turistika.si\/sl\/my-account-2\/"]}]},{"@type":"BreadcrumbList","@id":"https:\/\/www.turistika.si\/sl\/my-account-2\/#breadcrumb","itemListElement":[{"@type":"ListItem","position":1,"name":"Home","item":"https:\/\/www.turistika.si\/"},{"@type":"ListItem","position":2,"name":"My Account"}]},{"@type":"WebSite","@id":"https:\/\/www.turistika.si\/#website","url":"https:\/\/www.turistika.si\/","name":"Turistika","description":"Zalo\u017eba Turistika ponuja turisti\u010dne knjige in digitalne vsebine o Sloveniji. Odkrijte naravne znamenitosti, kulturno dedi\u0161\u010dino in skrite koti\u010dke z na\u0161o pomo\u010djo.","potentialAction":[{"@type":"SearchAction","target":{"@type":"EntryPoint","urlTemplate":"https:\/\/www.turistika.si\/?s={search_term_string}"},"query-input":{"@type":"PropertyValueSpecification","valueRequired":true,"valueName":"search_term_string"}}],"inLanguage":"sl-SI"}]}},"_links":{"self":[{"href":"https:\/\/www.turistika.si\/sl\/wp-json\/wp\/v2\/pages\/9"}],"collection":[{"href":"https:\/\/www.turistika.si\/sl\/wp-json\/wp\/v2\/pages"}],"about":[{"href":"https:\/\/www.turistika.si\/sl\/wp-json\/wp\/v2\/types\/page"}],"author":[{"embeddable":true,"href":"https:\/\/www.turistika.si\/sl\/wp-json\/wp\/v2\/users\/4"}],"replies":[{"embeddable":true,"href":"https:\/\/www.turistika.si\/sl\/wp-json\/wp\/v2\/comments?post=9"}],"version-history":[{"count":0,"href":"https:\/\/www.turistika.si\/sl\/wp-json\/wp\/v2\/pages\/9\/revisions"}],"wp:attachment":[{"href":"https:\/\/www.turistika.si\/sl\/wp-json\/wp\/v2\/media?parent=9"}],"curies":[{"name":"wp","href":"https:\/\/api.w.org\/{rel}","templated":true}]}}