{"id":4063,"date":"2016-11-10T04:11:09","date_gmt":"2016-11-10T04:11:09","guid":{"rendered":"http:\/\/demo.tokomoo.com\/pustaka\/buku\/product\/watch-dogs-2-playstation-4\/"},"modified":"2023-02-08T01:35:35","modified_gmt":"2023-02-08T01:35:35","slug":"meja-v-istri","status":"publish","type":"product","link":"https:\/\/www.turistika.si\/sl\/shop\/knjige-v-razlicnih-jezikih\/slovenscina\/meja-v-istri\/","title":{"rendered":"Meja v Istri"},"content":{"rendered":"<p><strong>Meja v Istri<\/strong> &#8211; Knjiga je temeljni dokument, ki pripelje do spoznanja o naravi ljudi, ki so slovensko de\u017eelo pripeljala do stopnje odtujevanja lastne zemlje.<\/p>\n<p>Avtor v knjigi prikazuje znana, zlasti pa zamol\u010dana ozadja o pravi\u010dni meji v Istri. Delo je pomemben zapis in sporo\u010dilo, ki naj seznani \u0161ir\u0161o javnost in slovenske politike o problematiki razmejitve na tem delu ju\u017ene meje. Razkriva posledice politi\u010dne samovolje, ki je z voja\u0161kimi in partijskimi ukazi kr\u0161ila civilno-pravne zakonitosti in norme, ter tako sprejemala odlo\u010ditve, ki nimajo nobene mednarodno pravne podlage.<\/p>\n<p><a href=\"https:\/\/www.turistika.si\/product-category\/knjige-v-razlicnih-jezikih\/\">Ve\u010d knjig<\/a><\/p>","protected":false},"excerpt":{"rendered":"<p>Meja v Istri &#8211; Knjiga je temeljni dokument, ki pripelje do spoznanja o naravi ljudi, ki so slovensko de\u017eelo pripeljala do stopnje odtujevanja lastne zemlje. Avtor v knjigi prikazuje znana, zlasti pa zamol\u010dana ozadja o pravi\u010dni meji v Istri. Delo je pomemben zapis in sporo\u010dilo, ki naj seznani \u0161ir\u0161o javnost in slovenske politike o problematiki [&hellip;]<\/p>","protected":false},"featured_media":4662,"template":"","meta":[],"product_cat":[485,468],"product_tag":[555,558,551,469,557,389,556,550,470,554,552,541,553,532],"class_list":{"0":"post-4063","1":"product","2":"type-product","3":"status-publish","4":"has-post-thumbnail","6":"product_cat-slovenscina","7":"product_cat-monografije","8":"product_tag-civilno-pravo","9":"product_tag-frane-goljevscek","10":"product_tag-hrvaska","11":"product_tag-istra","12":"product_tag-londonski-sporazum","13":"product_tag-matjaz-chvatal","14":"product_tag-mednarodno-pravo","15":"product_tag-meja-slovenija","16":"product_tag-meja-v-istri","17":"product_tag-narodna-identiteta","18":"product_tag-politika","19":"product_tag-slovenscina","20":"product_tag-zemljepis","21":"product_tag-zgodovina","22":"product_shipping_class-tiskane-knjige","24":"first","25":"instock","26":"taxable","27":"shipping-taxable","28":"purchasable","29":"product-type-variable","30":"has-default-attributes"},"yoast_head":"<!-- This site is optimized with the Yoast SEO plugin v23.9 - https:\/\/yoast.com\/wordpress\/plugins\/seo\/ -->\n<title>Meja v Istri - Turistika<\/title>\n<meta name=\"description\" content=\"Meja v Istri - Knjiga je temeljni dokument, ki pripelje do spoznanja o naravi ljudi, ki so slovensko de\u017eelo pripeljala do stopnje odtujevanja lastne zemlje.\" \/>\n<meta name=\"robots\" content=\"index, follow, max-snippet:-1, max-image-preview:large, max-video-preview:-1\" \/>\n<link rel=\"canonical\" href=\"https:\/\/www.turistika.si\/sl\/shop\/knjige-v-razlicnih-jezikih\/slovenscina\/meja-v-istri\/\" \/>\n<meta property=\"og:locale\" content=\"sl_SI\" \/>\n<meta property=\"og:type\" content=\"article\" \/>\n<meta property=\"og:title\" content=\"Meja v Istri - Turistika\" \/>\n<meta property=\"og:description\" content=\"Meja v Istri - Knjiga je temeljni dokument, ki pripelje do spoznanja o naravi ljudi, ki so slovensko de\u017eelo pripeljala do stopnje odtujevanja lastne zemlje.\" \/>\n<meta property=\"og:url\" content=\"https:\/\/www.turistika.si\/sl\/shop\/knjige-v-razlicnih-jezikih\/slovenscina\/meja-v-istri\/\" \/>\n<meta property=\"og:site_name\" content=\"Turistika\" \/>\n<meta property=\"article:modified_time\" content=\"2023-02-08T01:35:35+00:00\" \/>\n<meta property=\"og:image\" content=\"https:\/\/www.turistika.si\/wp-content\/uploads\/2016\/11\/istra-front.jpg\" \/>\n\t<meta property=\"og:image:width\" content=\"300\" \/>\n\t<meta property=\"og:image:height\" content=\"512\" \/>\n\t<meta property=\"og:image:type\" content=\"image\/jpeg\" \/>\n<meta name=\"twitter:card\" content=\"summary_large_image\" \/>\n<meta name=\"twitter:label1\" content=\"Est. reading time\" \/>\n\t<meta name=\"twitter:data1\" content=\"1 minuta\" \/>\n<script type=\"application\/ld+json\" class=\"yoast-schema-graph\">{\"@context\":\"https:\/\/schema.org\",\"@graph\":[{\"@type\":\"WebPage\",\"@id\":\"https:\/\/www.turistika.si\/shop\/knjige-v-razlicnih-jezikih\/slovenscina\/meja-v-istri\/\",\"url\":\"https:\/\/www.turistika.si\/shop\/knjige-v-razlicnih-jezikih\/slovenscina\/meja-v-istri\/\",\"name\":\"Meja v Istri - Turistika\",\"isPartOf\":{\"@id\":\"https:\/\/www.turistika.si\/#website\"},\"primaryImageOfPage\":{\"@id\":\"https:\/\/www.turistika.si\/shop\/knjige-v-razlicnih-jezikih\/slovenscina\/meja-v-istri\/#primaryimage\"},\"image\":{\"@id\":\"https:\/\/www.turistika.si\/shop\/knjige-v-razlicnih-jezikih\/slovenscina\/meja-v-istri\/#primaryimage\"},\"thumbnailUrl\":\"https:\/\/www.turistika.si\/wp-content\/uploads\/2016\/11\/istra-front.jpg\",\"datePublished\":\"2016-11-10T04:11:09+00:00\",\"dateModified\":\"2023-02-08T01:35:35+00:00\",\"description\":\"Meja v Istri - Knjiga je temeljni dokument, ki pripelje do spoznanja o naravi ljudi, ki so slovensko de\u017eelo pripeljala do stopnje odtujevanja lastne zemlje.\",\"breadcrumb\":{\"@id\":\"https:\/\/www.turistika.si\/shop\/knjige-v-razlicnih-jezikih\/slovenscina\/meja-v-istri\/#breadcrumb\"},\"inLanguage\":\"sl-SI\",\"potentialAction\":[{\"@type\":\"ReadAction\",\"target\":[\"https:\/\/www.turistika.si\/shop\/knjige-v-razlicnih-jezikih\/slovenscina\/meja-v-istri\/\"]}]},{\"@type\":\"ImageObject\",\"inLanguage\":\"sl-SI\",\"@id\":\"https:\/\/www.turistika.si\/shop\/knjige-v-razlicnih-jezikih\/slovenscina\/meja-v-istri\/#primaryimage\",\"url\":\"https:\/\/www.turistika.si\/wp-content\/uploads\/2016\/11\/istra-front.jpg\",\"contentUrl\":\"https:\/\/www.turistika.si\/wp-content\/uploads\/2016\/11\/istra-front.jpg\",\"width\":300,\"height\":512,\"caption\":\"Meja v Istri\"},{\"@type\":\"BreadcrumbList\",\"@id\":\"https:\/\/www.turistika.si\/shop\/knjige-v-razlicnih-jezikih\/slovenscina\/meja-v-istri\/#breadcrumb\",\"itemListElement\":[{\"@type\":\"ListItem\",\"position\":1,\"name\":\"Home\",\"item\":\"https:\/\/www.turistika.si\/\"},{\"@type\":\"ListItem\",\"position\":2,\"name\":\"Shop\",\"item\":\"https:\/\/www.turistika.si\/\"},{\"@type\":\"ListItem\",\"position\":3,\"name\":\"Meja v Istri\"}]},{\"@type\":\"WebSite\",\"@id\":\"https:\/\/www.turistika.si\/#website\",\"url\":\"https:\/\/www.turistika.si\/\",\"name\":\"Turistika\",\"description\":\"Zalo\u017eba Turistika ponuja turisti\u010dne knjige in digitalne vsebine o Sloveniji. Odkrijte naravne znamenitosti, kulturno dedi\u0161\u010dino in skrite koti\u010dke z na\u0161o pomo\u010djo.\",\"potentialAction\":[{\"@type\":\"SearchAction\",\"target\":{\"@type\":\"EntryPoint\",\"urlTemplate\":\"https:\/\/www.turistika.si\/?s={search_term_string}\"},\"query-input\":{\"@type\":\"PropertyValueSpecification\",\"valueRequired\":true,\"valueName\":\"search_term_string\"}}],\"inLanguage\":\"sl-SI\"}]}<\/script>\n<!-- \/ Yoast SEO plugin. -->","yoast_head_json":{"title":"Meja v Istri - Turistika","description":"Meja v Istri - Knjiga je temeljni dokument, ki pripelje do spoznanja o naravi ljudi, ki so slovensko de\u017eelo pripeljala do stopnje odtujevanja lastne zemlje.","robots":{"index":"index","follow":"follow","max-snippet":"max-snippet:-1","max-image-preview":"max-image-preview:large","max-video-preview":"max-video-preview:-1"},"canonical":"https:\/\/www.turistika.si\/sl\/shop\/knjige-v-razlicnih-jezikih\/slovenscina\/meja-v-istri\/","og_locale":"sl_SI","og_type":"article","og_title":"Meja v Istri - Turistika","og_description":"Meja v Istri - Knjiga je temeljni dokument, ki pripelje do spoznanja o naravi ljudi, ki so slovensko de\u017eelo pripeljala do stopnje odtujevanja lastne zemlje.","og_url":"https:\/\/www.turistika.si\/sl\/shop\/knjige-v-razlicnih-jezikih\/slovenscina\/meja-v-istri\/","og_site_name":"Turistika","article_modified_time":"2023-02-08T01:35:35+00:00","og_image":[{"width":300,"height":512,"url":"https:\/\/www.turistika.si\/wp-content\/uploads\/2016\/11\/istra-front.jpg","type":"image\/jpeg"}],"twitter_card":"summary_large_image","twitter_misc":{"Est. reading time":"1 minuta"},"schema":{"@context":"https:\/\/schema.org","@graph":[{"@type":"WebPage","@id":"https:\/\/www.turistika.si\/shop\/knjige-v-razlicnih-jezikih\/slovenscina\/meja-v-istri\/","url":"https:\/\/www.turistika.si\/shop\/knjige-v-razlicnih-jezikih\/slovenscina\/meja-v-istri\/","name":"Meja v Istri - Turistika","isPartOf":{"@id":"https:\/\/www.turistika.si\/#website"},"primaryImageOfPage":{"@id":"https:\/\/www.turistika.si\/shop\/knjige-v-razlicnih-jezikih\/slovenscina\/meja-v-istri\/#primaryimage"},"image":{"@id":"https:\/\/www.turistika.si\/shop\/knjige-v-razlicnih-jezikih\/slovenscina\/meja-v-istri\/#primaryimage"},"thumbnailUrl":"https:\/\/www.turistika.si\/wp-content\/uploads\/2016\/11\/istra-front.jpg","datePublished":"2016-11-10T04:11:09+00:00","dateModified":"2023-02-08T01:35:35+00:00","description":"Meja v Istri - Knjiga je temeljni dokument, ki pripelje do spoznanja o naravi ljudi, ki so slovensko de\u017eelo pripeljala do stopnje odtujevanja lastne zemlje.","breadcrumb":{"@id":"https:\/\/www.turistika.si\/shop\/knjige-v-razlicnih-jezikih\/slovenscina\/meja-v-istri\/#breadcrumb"},"inLanguage":"sl-SI","potentialAction":[{"@type":"ReadAction","target":["https:\/\/www.turistika.si\/shop\/knjige-v-razlicnih-jezikih\/slovenscina\/meja-v-istri\/"]}]},{"@type":"ImageObject","inLanguage":"sl-SI","@id":"https:\/\/www.turistika.si\/shop\/knjige-v-razlicnih-jezikih\/slovenscina\/meja-v-istri\/#primaryimage","url":"https:\/\/www.turistika.si\/wp-content\/uploads\/2016\/11\/istra-front.jpg","contentUrl":"https:\/\/www.turistika.si\/wp-content\/uploads\/2016\/11\/istra-front.jpg","width":300,"height":512,"caption":"Meja v Istri"},{"@type":"BreadcrumbList","@id":"https:\/\/www.turistika.si\/shop\/knjige-v-razlicnih-jezikih\/slovenscina\/meja-v-istri\/#breadcrumb","itemListElement":[{"@type":"ListItem","position":1,"name":"Home","item":"https:\/\/www.turistika.si\/"},{"@type":"ListItem","position":2,"name":"Shop","item":"https:\/\/www.turistika.si\/"},{"@type":"ListItem","position":3,"name":"Meja v Istri"}]},{"@type":"WebSite","@id":"https:\/\/www.turistika.si\/#website","url":"https:\/\/www.turistika.si\/","name":"Turistika","description":"Zalo\u017eba Turistika ponuja turisti\u010dne knjige in digitalne vsebine o Sloveniji. Odkrijte naravne znamenitosti, kulturno dedi\u0161\u010dino in skrite koti\u010dke z na\u0161o pomo\u010djo.","potentialAction":[{"@type":"SearchAction","target":{"@type":"EntryPoint","urlTemplate":"https:\/\/www.turistika.si\/?s={search_term_string}"},"query-input":{"@type":"PropertyValueSpecification","valueRequired":true,"valueName":"search_term_string"}}],"inLanguage":"sl-SI"}]}},"_links":{"self":[{"href":"https:\/\/www.turistika.si\/sl\/wp-json\/wp\/v2\/product\/4063"}],"collection":[{"href":"https:\/\/www.turistika.si\/sl\/wp-json\/wp\/v2\/product"}],"about":[{"href":"https:\/\/www.turistika.si\/sl\/wp-json\/wp\/v2\/types\/product"}],"wp:featuredmedia":[{"embeddable":true,"href":"https:\/\/www.turistika.si\/sl\/wp-json\/wp\/v2\/media\/4662"}],"wp:attachment":[{"href":"https:\/\/www.turistika.si\/sl\/wp-json\/wp\/v2\/media?parent=4063"}],"wp:term":[{"taxonomy":"product_cat","embeddable":true,"href":"https:\/\/www.turistika.si\/sl\/wp-json\/wp\/v2\/product_cat?post=4063"},{"taxonomy":"product_tag","embeddable":true,"href":"https:\/\/www.turistika.si\/sl\/wp-json\/wp\/v2\/product_tag?post=4063"}],"curies":[{"name":"wp","href":"https:\/\/api.w.org\/{rel}","templated":true}]}}