{"id":4068,"date":"2016-11-10T04:21:26","date_gmt":"2016-11-10T03:21:26","guid":{"rendered":"http:\/\/demo.tokomoo.com\/pustaka\/buku\/product\/a-pentatonix-christmas\/"},"modified":"2023-02-08T01:43:04","modified_gmt":"2023-02-08T01:43:04","slug":"trziske-brzole","status":"publish","type":"product","link":"https:\/\/www.turistika.si\/sl\/shop\/knjige-v-razlicnih-jezikih\/slovenscina\/trziske-brzole\/","title":{"rendered":"Tr\u017ei\u0161ke br\u017eole"},"content":{"rendered":"<p><strong>Tr\u017ei\u0161ke br\u017eole<\/strong> &#8211; V knjigi\u00a0 predstavljam zgodovino te zanimive jedi. \u010ce sploh lahko govorimo o eni jedi, Tr\u017ei\u0161ke br\u017eole so pojem, ki poimenuje ve\u010d bolj ali manj razli\u010dnih jedi. Ime se uporablja tako za imenovanje razli\u010dnih obar, kot za pe\u010denko.<\/p>\n<p>Tr\u017ei\u0161ke br\u017eole so kulinari\u010dna posebnost Tr\u017ei\u010da, knjiga pred vami pa je pomemben prispevek pri ohranjanju te tradicionalne jedi.\u00a0Bralcu razkriva drobce iz zgodovine jedi in ga seznani kar s sedmimi razli\u010dnimi recepti za pripravo tr\u017ei\u0161kih br\u017eol.<\/p>\n<p>Avtor: <a href=\"https:\/\/www.zalozba-turistika.si\/matjaz-chvatal\/\">Matja\u017e Chvatal<\/a>\u00a0 <a href=\"https:\/\/www.turistika.si\/product-category\/knjige-v-razlicnih-jezikih\/\">Ve\u010d knjig<\/a><\/p>","protected":false},"excerpt":{"rendered":"<p>Tr\u017ei\u0161ke br\u017eole &#8211; V knjigi\u00a0 predstavljam zgodovino te zanimive jedi. \u010ce sploh lahko govorimo o eni jedi, Tr\u017ei\u0161ke br\u017eole so pojem, ki poimenuje ve\u010d bolj ali manj razli\u010dnih jedi. Ime se uporablja tako za imenovanje razli\u010dnih obar, kot za pe\u010denko. Tr\u017ei\u0161ke br\u017eole so kulinari\u010dna posebnost Tr\u017ei\u010da, knjiga pred vami pa je pomemben prispevek pri ohranjanju [&hellip;]<\/p>","protected":false},"featured_media":4658,"template":"","meta":[],"product_cat":[485,472],"product_tag":[473],"class_list":{"0":"post-4068","1":"product","2":"type-product","3":"status-publish","4":"has-post-thumbnail","6":"product_cat-slovenscina","7":"product_cat-kulinarika","8":"product_tag-trziske-brzole","9":"product_shipping_class-tiskane-knjige","11":"first","12":"instock","13":"taxable","14":"shipping-taxable","15":"purchasable","16":"product-type-variable","17":"has-default-attributes"},"yoast_head":"<!-- This site is optimized with the Yoast SEO plugin v23.9 - https:\/\/yoast.com\/wordpress\/plugins\/seo\/ -->\n<title>Tr\u017ei\u0161ke br\u017eole - Turistika<\/title>\n<meta name=\"description\" content=\"Tr\u017ei\u0161ke br\u017eole - V knjigi\u00a0 predstavljam zgodovino te zanimive jedi. \u010ce sploh lahko govorimo o eni jedi, ime poimenuje ve\u010d bolj ali manj razli\u010dnih jedi.\" \/>\n<meta name=\"robots\" content=\"index, follow, max-snippet:-1, max-image-preview:large, max-video-preview:-1\" \/>\n<link rel=\"canonical\" href=\"https:\/\/www.turistika.si\/sl\/shop\/knjige-v-razlicnih-jezikih\/slovenscina\/trziske-brzole\/\" \/>\n<meta property=\"og:locale\" content=\"sl_SI\" \/>\n<meta property=\"og:type\" content=\"article\" \/>\n<meta property=\"og:title\" content=\"Tr\u017ei\u0161ke br\u017eole - Turistika\" \/>\n<meta property=\"og:description\" content=\"Tr\u017ei\u0161ke br\u017eole - V knjigi\u00a0 predstavljam zgodovino te zanimive jedi. \u010ce sploh lahko govorimo o eni jedi, ime poimenuje ve\u010d bolj ali manj razli\u010dnih jedi.\" \/>\n<meta property=\"og:url\" content=\"https:\/\/www.turistika.si\/sl\/shop\/knjige-v-razlicnih-jezikih\/slovenscina\/trziske-brzole\/\" \/>\n<meta property=\"og:site_name\" content=\"Turistika\" \/>\n<meta property=\"article:modified_time\" content=\"2023-02-08T01:43:04+00:00\" \/>\n<meta property=\"og:image\" content=\"https:\/\/www.turistika.si\/wp-content\/uploads\/2016\/11\/brzole-front.jpg\" \/>\n\t<meta property=\"og:image:width\" content=\"300\" \/>\n\t<meta property=\"og:image:height\" content=\"512\" \/>\n\t<meta property=\"og:image:type\" content=\"image\/jpeg\" \/>\n<meta name=\"twitter:card\" content=\"summary_large_image\" \/>\n<meta name=\"twitter:label1\" content=\"Est. reading time\" \/>\n\t<meta name=\"twitter:data1\" content=\"1 minuta\" \/>\n<script type=\"application\/ld+json\" class=\"yoast-schema-graph\">{\"@context\":\"https:\/\/schema.org\",\"@graph\":[{\"@type\":\"WebPage\",\"@id\":\"https:\/\/www.turistika.si\/shop\/knjige-v-razlicnih-jezikih\/slovenscina\/trziske-brzole\/\",\"url\":\"https:\/\/www.turistika.si\/shop\/knjige-v-razlicnih-jezikih\/slovenscina\/trziske-brzole\/\",\"name\":\"Tr\u017ei\u0161ke br\u017eole - Turistika\",\"isPartOf\":{\"@id\":\"https:\/\/www.turistika.si\/#website\"},\"primaryImageOfPage\":{\"@id\":\"https:\/\/www.turistika.si\/shop\/knjige-v-razlicnih-jezikih\/slovenscina\/trziske-brzole\/#primaryimage\"},\"image\":{\"@id\":\"https:\/\/www.turistika.si\/shop\/knjige-v-razlicnih-jezikih\/slovenscina\/trziske-brzole\/#primaryimage\"},\"thumbnailUrl\":\"https:\/\/www.turistika.si\/wp-content\/uploads\/2016\/11\/brzole-front.jpg\",\"datePublished\":\"2016-11-10T03:21:26+00:00\",\"dateModified\":\"2023-02-08T01:43:04+00:00\",\"description\":\"Tr\u017ei\u0161ke br\u017eole - V knjigi\u00a0 predstavljam zgodovino te zanimive jedi. \u010ce sploh lahko govorimo o eni jedi, ime poimenuje ve\u010d bolj ali manj razli\u010dnih jedi.\",\"breadcrumb\":{\"@id\":\"https:\/\/www.turistika.si\/shop\/knjige-v-razlicnih-jezikih\/slovenscina\/trziske-brzole\/#breadcrumb\"},\"inLanguage\":\"sl-SI\",\"potentialAction\":[{\"@type\":\"ReadAction\",\"target\":[\"https:\/\/www.turistika.si\/shop\/knjige-v-razlicnih-jezikih\/slovenscina\/trziske-brzole\/\"]}]},{\"@type\":\"ImageObject\",\"inLanguage\":\"sl-SI\",\"@id\":\"https:\/\/www.turistika.si\/shop\/knjige-v-razlicnih-jezikih\/slovenscina\/trziske-brzole\/#primaryimage\",\"url\":\"https:\/\/www.turistika.si\/wp-content\/uploads\/2016\/11\/brzole-front.jpg\",\"contentUrl\":\"https:\/\/www.turistika.si\/wp-content\/uploads\/2016\/11\/brzole-front.jpg\",\"width\":300,\"height\":512,\"caption\":\"Tr\u017ei\u0161ke br\u017eole\"},{\"@type\":\"BreadcrumbList\",\"@id\":\"https:\/\/www.turistika.si\/shop\/knjige-v-razlicnih-jezikih\/slovenscina\/trziske-brzole\/#breadcrumb\",\"itemListElement\":[{\"@type\":\"ListItem\",\"position\":1,\"name\":\"Home\",\"item\":\"https:\/\/www.turistika.si\/\"},{\"@type\":\"ListItem\",\"position\":2,\"name\":\"Shop\",\"item\":\"https:\/\/www.turistika.si\/\"},{\"@type\":\"ListItem\",\"position\":3,\"name\":\"Tr\u017ei\u0161ke br\u017eole\"}]},{\"@type\":\"WebSite\",\"@id\":\"https:\/\/www.turistika.si\/#website\",\"url\":\"https:\/\/www.turistika.si\/\",\"name\":\"Turistika\",\"description\":\"Zalo\u017eba Turistika ponuja turisti\u010dne knjige in digitalne vsebine o Sloveniji. Odkrijte naravne znamenitosti, kulturno dedi\u0161\u010dino in skrite koti\u010dke z na\u0161o pomo\u010djo.\",\"potentialAction\":[{\"@type\":\"SearchAction\",\"target\":{\"@type\":\"EntryPoint\",\"urlTemplate\":\"https:\/\/www.turistika.si\/?s={search_term_string}\"},\"query-input\":{\"@type\":\"PropertyValueSpecification\",\"valueRequired\":true,\"valueName\":\"search_term_string\"}}],\"inLanguage\":\"sl-SI\"}]}<\/script>\n<!-- \/ Yoast SEO plugin. -->","yoast_head_json":{"title":"Tr\u017ei\u0161ke br\u017eole - Turistika","description":"Tr\u017ei\u0161ke br\u017eole - V knjigi\u00a0 predstavljam zgodovino te zanimive jedi. \u010ce sploh lahko govorimo o eni jedi, ime poimenuje ve\u010d bolj ali manj razli\u010dnih jedi.","robots":{"index":"index","follow":"follow","max-snippet":"max-snippet:-1","max-image-preview":"max-image-preview:large","max-video-preview":"max-video-preview:-1"},"canonical":"https:\/\/www.turistika.si\/sl\/shop\/knjige-v-razlicnih-jezikih\/slovenscina\/trziske-brzole\/","og_locale":"sl_SI","og_type":"article","og_title":"Tr\u017ei\u0161ke br\u017eole - Turistika","og_description":"Tr\u017ei\u0161ke br\u017eole - V knjigi\u00a0 predstavljam zgodovino te zanimive jedi. \u010ce sploh lahko govorimo o eni jedi, ime poimenuje ve\u010d bolj ali manj razli\u010dnih jedi.","og_url":"https:\/\/www.turistika.si\/sl\/shop\/knjige-v-razlicnih-jezikih\/slovenscina\/trziske-brzole\/","og_site_name":"Turistika","article_modified_time":"2023-02-08T01:43:04+00:00","og_image":[{"width":300,"height":512,"url":"https:\/\/www.turistika.si\/wp-content\/uploads\/2016\/11\/brzole-front.jpg","type":"image\/jpeg"}],"twitter_card":"summary_large_image","twitter_misc":{"Est. reading time":"1 minuta"},"schema":{"@context":"https:\/\/schema.org","@graph":[{"@type":"WebPage","@id":"https:\/\/www.turistika.si\/shop\/knjige-v-razlicnih-jezikih\/slovenscina\/trziske-brzole\/","url":"https:\/\/www.turistika.si\/shop\/knjige-v-razlicnih-jezikih\/slovenscina\/trziske-brzole\/","name":"Tr\u017ei\u0161ke br\u017eole - Turistika","isPartOf":{"@id":"https:\/\/www.turistika.si\/#website"},"primaryImageOfPage":{"@id":"https:\/\/www.turistika.si\/shop\/knjige-v-razlicnih-jezikih\/slovenscina\/trziske-brzole\/#primaryimage"},"image":{"@id":"https:\/\/www.turistika.si\/shop\/knjige-v-razlicnih-jezikih\/slovenscina\/trziske-brzole\/#primaryimage"},"thumbnailUrl":"https:\/\/www.turistika.si\/wp-content\/uploads\/2016\/11\/brzole-front.jpg","datePublished":"2016-11-10T03:21:26+00:00","dateModified":"2023-02-08T01:43:04+00:00","description":"Tr\u017ei\u0161ke br\u017eole - V knjigi\u00a0 predstavljam zgodovino te zanimive jedi. \u010ce sploh lahko govorimo o eni jedi, ime poimenuje ve\u010d bolj ali manj razli\u010dnih jedi.","breadcrumb":{"@id":"https:\/\/www.turistika.si\/shop\/knjige-v-razlicnih-jezikih\/slovenscina\/trziske-brzole\/#breadcrumb"},"inLanguage":"sl-SI","potentialAction":[{"@type":"ReadAction","target":["https:\/\/www.turistika.si\/shop\/knjige-v-razlicnih-jezikih\/slovenscina\/trziske-brzole\/"]}]},{"@type":"ImageObject","inLanguage":"sl-SI","@id":"https:\/\/www.turistika.si\/shop\/knjige-v-razlicnih-jezikih\/slovenscina\/trziske-brzole\/#primaryimage","url":"https:\/\/www.turistika.si\/wp-content\/uploads\/2016\/11\/brzole-front.jpg","contentUrl":"https:\/\/www.turistika.si\/wp-content\/uploads\/2016\/11\/brzole-front.jpg","width":300,"height":512,"caption":"Tr\u017ei\u0161ke br\u017eole"},{"@type":"BreadcrumbList","@id":"https:\/\/www.turistika.si\/shop\/knjige-v-razlicnih-jezikih\/slovenscina\/trziske-brzole\/#breadcrumb","itemListElement":[{"@type":"ListItem","position":1,"name":"Home","item":"https:\/\/www.turistika.si\/"},{"@type":"ListItem","position":2,"name":"Shop","item":"https:\/\/www.turistika.si\/"},{"@type":"ListItem","position":3,"name":"Tr\u017ei\u0161ke br\u017eole"}]},{"@type":"WebSite","@id":"https:\/\/www.turistika.si\/#website","url":"https:\/\/www.turistika.si\/","name":"Turistika","description":"Zalo\u017eba Turistika ponuja turisti\u010dne knjige in digitalne vsebine o Sloveniji. Odkrijte naravne znamenitosti, kulturno dedi\u0161\u010dino in skrite koti\u010dke z na\u0161o pomo\u010djo.","potentialAction":[{"@type":"SearchAction","target":{"@type":"EntryPoint","urlTemplate":"https:\/\/www.turistika.si\/?s={search_term_string}"},"query-input":{"@type":"PropertyValueSpecification","valueRequired":true,"valueName":"search_term_string"}}],"inLanguage":"sl-SI"}]}},"_links":{"self":[{"href":"https:\/\/www.turistika.si\/sl\/wp-json\/wp\/v2\/product\/4068"}],"collection":[{"href":"https:\/\/www.turistika.si\/sl\/wp-json\/wp\/v2\/product"}],"about":[{"href":"https:\/\/www.turistika.si\/sl\/wp-json\/wp\/v2\/types\/product"}],"wp:featuredmedia":[{"embeddable":true,"href":"https:\/\/www.turistika.si\/sl\/wp-json\/wp\/v2\/media\/4658"}],"wp:attachment":[{"href":"https:\/\/www.turistika.si\/sl\/wp-json\/wp\/v2\/media?parent=4068"}],"wp:term":[{"taxonomy":"product_cat","embeddable":true,"href":"https:\/\/www.turistika.si\/sl\/wp-json\/wp\/v2\/product_cat?post=4068"},{"taxonomy":"product_tag","embeddable":true,"href":"https:\/\/www.turistika.si\/sl\/wp-json\/wp\/v2\/product_tag?post=4068"}],"curies":[{"name":"wp","href":"https:\/\/api.w.org\/{rel}","templated":true}]}}