{"id":9568,"date":"2022-12-07T04:45:08","date_gmt":"2022-12-07T04:45:08","guid":{"rendered":"https:\/\/www.turistika.si\/?post_type=product&#038;p=9568"},"modified":"2023-02-08T01:23:52","modified_gmt":"2023-02-08T01:23:52","slug":"slovenija-ruscina","status":"publish","type":"product","link":"https:\/\/www.turistika.si\/sl\/shop\/knjige-v-razlicnih-jezikih\/ruscina\/slovenija-ruscina\/","title":{"rendered":"Slovenija ru\u0161\u010dina"},"content":{"rendered":"<p><strong>Slovenija<\/strong> ru\u0161\u010dina &#8211; Knjiga v ru\u0161\u010dini prikazuje, kako v Sloveniji na relativno majhnem prostoru najdemo tako razli\u010dne vrste pokrajin in podnebja, kot le redkokje drugod na svetu. Pokrajinske zna\u010dilnosti, mesta, gradovi, nekatera jezera in slapovi so predstavljeni na fotografijah, ki jih povezuje o\u0161tevil\u010den zemljevid na za\u010detku knjige. Ta slu\u017ei tudi kot kazalo vsebine.<\/p>\n<p>Avtor: <a href=\"https:\/\/www.zalozba-turistika.si\/matjaz-chvatal\/\">Matja\u017e Chvatal<\/a><\/p>\n<p>Knjiga je natisnjena v naslednjih jezikih: Sloven\u0161\u010dina, Angle\u0161\u010dina, Nem\u0161\u010dna, Italijan\u0161\u010dina, Franco\u0161\u010dina, \u0160pan\u0161\u010dina, Ru\u0161\u010dina &#8211; <a href=\"https:\/\/www.turistika.si\/product-category\/knjige-v-razlicnih-jezikih\/\">Ve\u010d knjig<\/a><\/p>","protected":false},"excerpt":{"rendered":"<p>Slovenija ru\u0161\u010dina &#8211; Knjiga v ru\u0161\u010dini prikazuje, kako v Sloveniji na relativno majhnem prostoru najdemo tako razli\u010dne vrste pokrajin in podnebja, kot le redkokje drugod na svetu. Pokrajinske zna\u010dilnosti, mesta, gradovi, nekatera jezera in slapovi so predstavljeni na fotografijah, ki jih povezuje o\u0161tevil\u010den zemljevid na za\u010detku knjige. Ta slu\u017ei tudi kot kazalo vsebine. Avtor: Matja\u017e [&hellip;]<\/p>","protected":false},"featured_media":4976,"template":"","meta":[],"product_cat":[492,468],"product_tag":[534,77,524,535,386,530,527,529,523,533,389,549,528,531,546,467,521,543,193,532,522,526],"class_list":{"0":"post-9568","1":"product","2":"type-product","3":"status-publish","4":"has-post-thumbnail","6":"product_cat-ruscina","7":"product_cat-monografije","8":"product_tag-aktivnosti","9":"product_tag-darilo","10":"product_tag-destinacije","11":"product_tag-dozivetja","12":"product_tag-gorenjska","13":"product_tag-krajine","14":"product_tag-kulinarika","15":"product_tag-kulturna-dediscina","16":"product_tag-kulturna-zgodovina","17":"product_tag-lokalna-kuhinja","18":"product_tag-matjaz-chvatal","19":"product_tag-monografija","20":"product_tag-naravne-znamenitosti","21":"product_tag-potovanja","22":"product_tag-ruscina","23":"product_tag-slovenija","24":"product_tag-turizem","25":"product_tag-vecjezicno","26":"product_tag-zabava","27":"product_tag-zgodovina","28":"product_tag-znamenitosti","29":"product_tag-znamenja","30":"product_shipping_class-tiskane-knjige","32":"first","33":"instock","34":"taxable","35":"shipping-taxable","36":"purchasable","37":"product-type-variable","38":"has-default-attributes"},"yoast_head":"<!-- This site is optimized with the Yoast SEO plugin v23.9 - https:\/\/yoast.com\/wordpress\/plugins\/seo\/ -->\n<title>Slovenija ru\u0161\u010dina - Turistika<\/title>\n<meta name=\"description\" content=\"Slovenija ru\u0161\u010dina- Knjiga v prikazuje, kako v Sloveniji na relativno majhnem prostoru najdemo tako razli\u010dne vrste pokrajin kot le redkokje na svetu\" \/>\n<meta name=\"robots\" content=\"index, follow, max-snippet:-1, max-image-preview:large, max-video-preview:-1\" \/>\n<link rel=\"canonical\" href=\"https:\/\/www.turistika.si\/sl\/shop\/knjige-v-razlicnih-jezikih\/ruscina\/slovenija-ruscina\/\" \/>\n<meta property=\"og:locale\" content=\"sl_SI\" \/>\n<meta property=\"og:type\" content=\"article\" \/>\n<meta property=\"og:title\" content=\"Slovenija ru\u0161\u010dina - Turistika\" \/>\n<meta property=\"og:description\" content=\"Slovenija ru\u0161\u010dina- Knjiga v prikazuje, kako v Sloveniji na relativno majhnem prostoru najdemo tako razli\u010dne vrste pokrajin kot le redkokje na svetu\" \/>\n<meta property=\"og:url\" content=\"https:\/\/www.turistika.si\/sl\/shop\/knjige-v-razlicnih-jezikih\/ruscina\/slovenija-ruscina\/\" \/>\n<meta property=\"og:site_name\" content=\"Turistika\" \/>\n<meta property=\"article:modified_time\" content=\"2023-02-08T01:23:52+00:00\" \/>\n<meta property=\"og:image\" content=\"https:\/\/www.turistika.si\/wp-content\/uploads\/2016\/11\/si-rus-front-1.jpg\" \/>\n\t<meta property=\"og:image:width\" content=\"300\" \/>\n\t<meta property=\"og:image:height\" content=\"512\" \/>\n\t<meta property=\"og:image:type\" content=\"image\/jpeg\" \/>\n<meta name=\"twitter:card\" content=\"summary_large_image\" \/>\n<meta name=\"twitter:label1\" content=\"Est. reading time\" \/>\n\t<meta name=\"twitter:data1\" content=\"1 minuta\" \/>\n<script type=\"application\/ld+json\" class=\"yoast-schema-graph\">{\"@context\":\"https:\/\/schema.org\",\"@graph\":[{\"@type\":\"WebPage\",\"@id\":\"https:\/\/www.turistika.si\/shop\/knjige-v-razlicnih-jezikih\/ruscina\/slovenija-ruscina\/\",\"url\":\"https:\/\/www.turistika.si\/shop\/knjige-v-razlicnih-jezikih\/ruscina\/slovenija-ruscina\/\",\"name\":\"Slovenija ru\u0161\u010dina - Turistika\",\"isPartOf\":{\"@id\":\"https:\/\/www.turistika.si\/#website\"},\"primaryImageOfPage\":{\"@id\":\"https:\/\/www.turistika.si\/shop\/knjige-v-razlicnih-jezikih\/ruscina\/slovenija-ruscina\/#primaryimage\"},\"image\":{\"@id\":\"https:\/\/www.turistika.si\/shop\/knjige-v-razlicnih-jezikih\/ruscina\/slovenija-ruscina\/#primaryimage\"},\"thumbnailUrl\":\"https:\/\/www.turistika.si\/wp-content\/uploads\/2016\/11\/si-rus-front-1.jpg\",\"datePublished\":\"2022-12-07T04:45:08+00:00\",\"dateModified\":\"2023-02-08T01:23:52+00:00\",\"description\":\"Slovenija ru\u0161\u010dina- Knjiga v prikazuje, kako v Sloveniji na relativno majhnem prostoru najdemo tako razli\u010dne vrste pokrajin kot le redkokje na svetu\",\"breadcrumb\":{\"@id\":\"https:\/\/www.turistika.si\/shop\/knjige-v-razlicnih-jezikih\/ruscina\/slovenija-ruscina\/#breadcrumb\"},\"inLanguage\":\"sl-SI\",\"potentialAction\":[{\"@type\":\"ReadAction\",\"target\":[\"https:\/\/www.turistika.si\/shop\/knjige-v-razlicnih-jezikih\/ruscina\/slovenija-ruscina\/\"]}]},{\"@type\":\"ImageObject\",\"inLanguage\":\"sl-SI\",\"@id\":\"https:\/\/www.turistika.si\/shop\/knjige-v-razlicnih-jezikih\/ruscina\/slovenija-ruscina\/#primaryimage\",\"url\":\"https:\/\/www.turistika.si\/wp-content\/uploads\/2016\/11\/si-rus-front-1.jpg\",\"contentUrl\":\"https:\/\/www.turistika.si\/wp-content\/uploads\/2016\/11\/si-rus-front-1.jpg\",\"width\":300,\"height\":512,\"caption\":\"Slovenija ru\u0161\u010dina\"},{\"@type\":\"BreadcrumbList\",\"@id\":\"https:\/\/www.turistika.si\/shop\/knjige-v-razlicnih-jezikih\/ruscina\/slovenija-ruscina\/#breadcrumb\",\"itemListElement\":[{\"@type\":\"ListItem\",\"position\":1,\"name\":\"Home\",\"item\":\"https:\/\/www.turistika.si\/\"},{\"@type\":\"ListItem\",\"position\":2,\"name\":\"Shop\",\"item\":\"https:\/\/www.turistika.si\/\"},{\"@type\":\"ListItem\",\"position\":3,\"name\":\"Slovenija ru\u0161\u010dina\"}]},{\"@type\":\"WebSite\",\"@id\":\"https:\/\/www.turistika.si\/#website\",\"url\":\"https:\/\/www.turistika.si\/\",\"name\":\"Turistika\",\"description\":\"Zalo\u017eba Turistika ponuja turisti\u010dne knjige in digitalne vsebine o Sloveniji. Odkrijte naravne znamenitosti, kulturno dedi\u0161\u010dino in skrite koti\u010dke z na\u0161o pomo\u010djo.\",\"potentialAction\":[{\"@type\":\"SearchAction\",\"target\":{\"@type\":\"EntryPoint\",\"urlTemplate\":\"https:\/\/www.turistika.si\/?s={search_term_string}\"},\"query-input\":{\"@type\":\"PropertyValueSpecification\",\"valueRequired\":true,\"valueName\":\"search_term_string\"}}],\"inLanguage\":\"sl-SI\"}]}<\/script>\n<!-- \/ Yoast SEO plugin. -->","yoast_head_json":{"title":"Slovenija ru\u0161\u010dina - Turistika","description":"Slovenija ru\u0161\u010dina- Knjiga v prikazuje, kako v Sloveniji na relativno majhnem prostoru najdemo tako razli\u010dne vrste pokrajin kot le redkokje na svetu","robots":{"index":"index","follow":"follow","max-snippet":"max-snippet:-1","max-image-preview":"max-image-preview:large","max-video-preview":"max-video-preview:-1"},"canonical":"https:\/\/www.turistika.si\/sl\/shop\/knjige-v-razlicnih-jezikih\/ruscina\/slovenija-ruscina\/","og_locale":"sl_SI","og_type":"article","og_title":"Slovenija ru\u0161\u010dina - Turistika","og_description":"Slovenija ru\u0161\u010dina- Knjiga v prikazuje, kako v Sloveniji na relativno majhnem prostoru najdemo tako razli\u010dne vrste pokrajin kot le redkokje na svetu","og_url":"https:\/\/www.turistika.si\/sl\/shop\/knjige-v-razlicnih-jezikih\/ruscina\/slovenija-ruscina\/","og_site_name":"Turistika","article_modified_time":"2023-02-08T01:23:52+00:00","og_image":[{"width":300,"height":512,"url":"https:\/\/www.turistika.si\/wp-content\/uploads\/2016\/11\/si-rus-front-1.jpg","type":"image\/jpeg"}],"twitter_card":"summary_large_image","twitter_misc":{"Est. reading time":"1 minuta"},"schema":{"@context":"https:\/\/schema.org","@graph":[{"@type":"WebPage","@id":"https:\/\/www.turistika.si\/shop\/knjige-v-razlicnih-jezikih\/ruscina\/slovenija-ruscina\/","url":"https:\/\/www.turistika.si\/shop\/knjige-v-razlicnih-jezikih\/ruscina\/slovenija-ruscina\/","name":"Slovenija ru\u0161\u010dina - Turistika","isPartOf":{"@id":"https:\/\/www.turistika.si\/#website"},"primaryImageOfPage":{"@id":"https:\/\/www.turistika.si\/shop\/knjige-v-razlicnih-jezikih\/ruscina\/slovenija-ruscina\/#primaryimage"},"image":{"@id":"https:\/\/www.turistika.si\/shop\/knjige-v-razlicnih-jezikih\/ruscina\/slovenija-ruscina\/#primaryimage"},"thumbnailUrl":"https:\/\/www.turistika.si\/wp-content\/uploads\/2016\/11\/si-rus-front-1.jpg","datePublished":"2022-12-07T04:45:08+00:00","dateModified":"2023-02-08T01:23:52+00:00","description":"Slovenija ru\u0161\u010dina- Knjiga v prikazuje, kako v Sloveniji na relativno majhnem prostoru najdemo tako razli\u010dne vrste pokrajin kot le redkokje na svetu","breadcrumb":{"@id":"https:\/\/www.turistika.si\/shop\/knjige-v-razlicnih-jezikih\/ruscina\/slovenija-ruscina\/#breadcrumb"},"inLanguage":"sl-SI","potentialAction":[{"@type":"ReadAction","target":["https:\/\/www.turistika.si\/shop\/knjige-v-razlicnih-jezikih\/ruscina\/slovenija-ruscina\/"]}]},{"@type":"ImageObject","inLanguage":"sl-SI","@id":"https:\/\/www.turistika.si\/shop\/knjige-v-razlicnih-jezikih\/ruscina\/slovenija-ruscina\/#primaryimage","url":"https:\/\/www.turistika.si\/wp-content\/uploads\/2016\/11\/si-rus-front-1.jpg","contentUrl":"https:\/\/www.turistika.si\/wp-content\/uploads\/2016\/11\/si-rus-front-1.jpg","width":300,"height":512,"caption":"Slovenija ru\u0161\u010dina"},{"@type":"BreadcrumbList","@id":"https:\/\/www.turistika.si\/shop\/knjige-v-razlicnih-jezikih\/ruscina\/slovenija-ruscina\/#breadcrumb","itemListElement":[{"@type":"ListItem","position":1,"name":"Home","item":"https:\/\/www.turistika.si\/"},{"@type":"ListItem","position":2,"name":"Shop","item":"https:\/\/www.turistika.si\/"},{"@type":"ListItem","position":3,"name":"Slovenija ru\u0161\u010dina"}]},{"@type":"WebSite","@id":"https:\/\/www.turistika.si\/#website","url":"https:\/\/www.turistika.si\/","name":"Turistika","description":"Zalo\u017eba Turistika ponuja turisti\u010dne knjige in digitalne vsebine o Sloveniji. Odkrijte naravne znamenitosti, kulturno dedi\u0161\u010dino in skrite koti\u010dke z na\u0161o pomo\u010djo.","potentialAction":[{"@type":"SearchAction","target":{"@type":"EntryPoint","urlTemplate":"https:\/\/www.turistika.si\/?s={search_term_string}"},"query-input":{"@type":"PropertyValueSpecification","valueRequired":true,"valueName":"search_term_string"}}],"inLanguage":"sl-SI"}]}},"_links":{"self":[{"href":"https:\/\/www.turistika.si\/sl\/wp-json\/wp\/v2\/product\/9568"}],"collection":[{"href":"https:\/\/www.turistika.si\/sl\/wp-json\/wp\/v2\/product"}],"about":[{"href":"https:\/\/www.turistika.si\/sl\/wp-json\/wp\/v2\/types\/product"}],"wp:featuredmedia":[{"embeddable":true,"href":"https:\/\/www.turistika.si\/sl\/wp-json\/wp\/v2\/media\/4976"}],"wp:attachment":[{"href":"https:\/\/www.turistika.si\/sl\/wp-json\/wp\/v2\/media?parent=9568"}],"wp:term":[{"taxonomy":"product_cat","embeddable":true,"href":"https:\/\/www.turistika.si\/sl\/wp-json\/wp\/v2\/product_cat?post=9568"},{"taxonomy":"product_tag","embeddable":true,"href":"https:\/\/www.turistika.si\/sl\/wp-json\/wp\/v2\/product_tag?post=9568"}],"curies":[{"name":"wp","href":"https:\/\/api.w.org\/{rel}","templated":true}]}}