{"id":9731,"date":"2022-12-07T18:12:48","date_gmt":"2022-12-07T18:12:48","guid":{"rendered":"https:\/\/www.turistika.si\/?post_type=product&#038;p=9731"},"modified":"2024-03-04T01:49:39","modified_gmt":"2024-03-04T01:49:39","slug":"ljubljana-nemscina","status":"publish","type":"product","link":"https:\/\/www.turistika.si\/sl\/shop\/knjige-v-razlicnih-jezikih\/nemscina\/ljubljana-nemscina\/","title":{"rendered":"Ljubljana nem\u0161\u010dina"},"content":{"rendered":"<p>Ljubljana nem\u0161\u010dina &#8211; Knjiga v nem\u0161\u010dini predstavlja \u0161tevilne kulturne in naravne znamenitosti Ljubljane. Podatki so nanizani v strnjeni obliki. Oblika posameznih strani je prilagojena vsebini, kjer se besedila in fotografije prepletajo, medsebojno vsebinsko dopolnjujejo in tako ustvarjajo razumljivo celoto. Vsebina vodnika je podana zelo domi\u0161ljeno, kar bralcu omogo\u010da odli\u010den pregled in uporabnost na terenu.<\/p>\n<p>Avtor: <a href=\"https:\/\/www.zalozba-turistika.si\/matjaz-chvatal\/\">Matja\u017e Chvatal<\/a><\/p>\n<p style=\"margin: 0cm; margin-bottom: .0001pt;\"><span style=\"font-size: 10.5pt; font-family: 'Arial','sans-serif'; color: #0f0f0f; letter-spacing: .05pt;\">Knjiga je natisnjena v naslednjih jezikih:<br style=\"box-sizing: border-box;\" \/>Sloven\u0161\u010dina, Angle\u0161\u010dina, Nem\u0161\u010dna, Italijan\u0161\u010dina, Franco\u0161\u010dina, \u0160pan\u0161\u010dina, Ru\u0161\u010dina &#8211;\u00a0<\/span><a href=\"https:\/\/www.turistika.si\/product-category\/knjige-v-razlicnih-jezikih\/\">Ve\u010d knjig<\/a><\/p>","protected":false},"excerpt":{"rendered":"<p>Ljubljana nem\u0161\u010dina &#8211; Knjiga v nem\u0161\u010dini predstavlja \u0161tevilne kulturne in naravne znamenitosti Ljubljane. Podatki so nanizani v strnjeni obliki. Oblika posameznih strani je prilagojena vsebini, kjer se besedila in fotografije prepletajo, medsebojno vsebinsko dopolnjujejo in tako ustvarjajo razumljivo celoto. Vsebina vodnika je podana zelo domi\u0161ljeno, kar bralcu omogo\u010da odli\u010den pregled in uporabnost na terenu. Avtor: [&hellip;]<\/p>","protected":false},"featured_media":6245,"template":"","meta":[],"product_cat":[489,466],"product_tag":[534,77,524,535,386,530,527,529,523,400,533,389,528,537,525,531,467,547,548,521,543,193,532,522,526],"class_list":{"0":"post-9731","1":"product","2":"type-product","3":"status-publish","4":"has-post-thumbnail","6":"product_cat-nemscina","7":"product_cat-vodniki","8":"product_tag-aktivnosti","9":"product_tag-darilo","10":"product_tag-destinacije","11":"product_tag-dozivetja","12":"product_tag-gorenjska","13":"product_tag-krajine","14":"product_tag-kulinarika","15":"product_tag-kulturna-dediscina","16":"product_tag-kulturna-zgodovina","17":"product_tag-ljubljana","18":"product_tag-lokalna-kuhinja","19":"product_tag-matjaz-chvatal","20":"product_tag-naravne-znamenitosti","21":"product_tag-nemscina","22":"product_tag-potovalni-vodnik","23":"product_tag-potovanja","24":"product_tag-slovenija","25":"product_tag-turisticni-vodic","26":"product_tag-turisticni-vodnik","27":"product_tag-turizem","28":"product_tag-vecjezicno","29":"product_tag-zabava","30":"product_tag-zgodovina","31":"product_tag-znamenitosti","32":"product_tag-znamenja","33":"product_shipping_class-tiskane-knjige","35":"first","36":"instock","37":"taxable","38":"shipping-taxable","39":"purchasable","40":"product-type-variable","41":"has-default-attributes"},"yoast_head":"<!-- This site is optimized with the Yoast SEO plugin v23.9 - https:\/\/yoast.com\/wordpress\/plugins\/seo\/ -->\n<title>Ljubljana nem\u0161\u010dina - Turistika<\/title>\n<meta name=\"description\" content=\"Ljubljana nem\u0161\u010dina - Knjiga v nem\u0161\u010dini predstavlja \u0161tevilne kulturne in naravne znamenitosti Ljubljane. Podatki so nanizani v strnjeni obliki\" \/>\n<meta name=\"robots\" content=\"index, follow, max-snippet:-1, max-image-preview:large, max-video-preview:-1\" \/>\n<link rel=\"canonical\" href=\"https:\/\/www.turistika.si\/sl\/shop\/knjige-v-razlicnih-jezikih\/nemscina\/ljubljana-nemscina\/\" \/>\n<meta property=\"og:locale\" content=\"sl_SI\" \/>\n<meta property=\"og:type\" content=\"article\" \/>\n<meta property=\"og:title\" content=\"Ljubljana nem\u0161\u010dina - Turistika\" \/>\n<meta property=\"og:description\" content=\"Ljubljana nem\u0161\u010dina - Knjiga v nem\u0161\u010dini predstavlja \u0161tevilne kulturne in naravne znamenitosti Ljubljane. Podatki so nanizani v strnjeni obliki\" \/>\n<meta property=\"og:url\" content=\"https:\/\/www.turistika.si\/sl\/shop\/knjige-v-razlicnih-jezikih\/nemscina\/ljubljana-nemscina\/\" \/>\n<meta property=\"og:site_name\" content=\"Turistika\" \/>\n<meta property=\"article:modified_time\" content=\"2024-03-04T01:49:39+00:00\" \/>\n<meta property=\"og:image\" content=\"https:\/\/www.turistika.si\/wp-content\/uploads\/2016\/11\/lj-ger-front-1.jpg\" \/>\n\t<meta property=\"og:image:width\" content=\"300\" \/>\n\t<meta property=\"og:image:height\" content=\"512\" \/>\n\t<meta property=\"og:image:type\" content=\"image\/jpeg\" \/>\n<meta name=\"twitter:card\" content=\"summary_large_image\" \/>\n<meta name=\"twitter:label1\" content=\"Est. reading time\" \/>\n\t<meta name=\"twitter:data1\" content=\"1 minuta\" \/>\n<script type=\"application\/ld+json\" class=\"yoast-schema-graph\">{\"@context\":\"https:\/\/schema.org\",\"@graph\":[{\"@type\":\"WebPage\",\"@id\":\"https:\/\/www.turistika.si\/shop\/knjige-v-razlicnih-jezikih\/nemscina\/ljubljana-nemscina\/\",\"url\":\"https:\/\/www.turistika.si\/shop\/knjige-v-razlicnih-jezikih\/nemscina\/ljubljana-nemscina\/\",\"name\":\"Ljubljana nem\u0161\u010dina - Turistika\",\"isPartOf\":{\"@id\":\"https:\/\/www.turistika.si\/#website\"},\"primaryImageOfPage\":{\"@id\":\"https:\/\/www.turistika.si\/shop\/knjige-v-razlicnih-jezikih\/nemscina\/ljubljana-nemscina\/#primaryimage\"},\"image\":{\"@id\":\"https:\/\/www.turistika.si\/shop\/knjige-v-razlicnih-jezikih\/nemscina\/ljubljana-nemscina\/#primaryimage\"},\"thumbnailUrl\":\"https:\/\/www.turistika.si\/wp-content\/uploads\/2016\/11\/lj-ger-front-1.jpg\",\"datePublished\":\"2022-12-07T18:12:48+00:00\",\"dateModified\":\"2024-03-04T01:49:39+00:00\",\"description\":\"Ljubljana nem\u0161\u010dina - Knjiga v nem\u0161\u010dini predstavlja \u0161tevilne kulturne in naravne znamenitosti Ljubljane. Podatki so nanizani v strnjeni obliki\",\"breadcrumb\":{\"@id\":\"https:\/\/www.turistika.si\/shop\/knjige-v-razlicnih-jezikih\/nemscina\/ljubljana-nemscina\/#breadcrumb\"},\"inLanguage\":\"sl-SI\",\"potentialAction\":[{\"@type\":\"ReadAction\",\"target\":[\"https:\/\/www.turistika.si\/shop\/knjige-v-razlicnih-jezikih\/nemscina\/ljubljana-nemscina\/\"]}]},{\"@type\":\"ImageObject\",\"inLanguage\":\"sl-SI\",\"@id\":\"https:\/\/www.turistika.si\/shop\/knjige-v-razlicnih-jezikih\/nemscina\/ljubljana-nemscina\/#primaryimage\",\"url\":\"https:\/\/www.turistika.si\/wp-content\/uploads\/2016\/11\/lj-ger-front-1.jpg\",\"contentUrl\":\"https:\/\/www.turistika.si\/wp-content\/uploads\/2016\/11\/lj-ger-front-1.jpg\",\"width\":300,\"height\":512,\"caption\":\"Ljubljana nem\u0161\u010dina\"},{\"@type\":\"BreadcrumbList\",\"@id\":\"https:\/\/www.turistika.si\/shop\/knjige-v-razlicnih-jezikih\/nemscina\/ljubljana-nemscina\/#breadcrumb\",\"itemListElement\":[{\"@type\":\"ListItem\",\"position\":1,\"name\":\"Home\",\"item\":\"https:\/\/www.turistika.si\/\"},{\"@type\":\"ListItem\",\"position\":2,\"name\":\"Shop\",\"item\":\"https:\/\/www.turistika.si\/\"},{\"@type\":\"ListItem\",\"position\":3,\"name\":\"Ljubljana nem\u0161\u010dina\"}]},{\"@type\":\"WebSite\",\"@id\":\"https:\/\/www.turistika.si\/#website\",\"url\":\"https:\/\/www.turistika.si\/\",\"name\":\"Turistika\",\"description\":\"Zalo\u017eba Turistika ponuja turisti\u010dne knjige in digitalne vsebine o Sloveniji. Odkrijte naravne znamenitosti, kulturno dedi\u0161\u010dino in skrite koti\u010dke z na\u0161o pomo\u010djo.\",\"potentialAction\":[{\"@type\":\"SearchAction\",\"target\":{\"@type\":\"EntryPoint\",\"urlTemplate\":\"https:\/\/www.turistika.si\/?s={search_term_string}\"},\"query-input\":{\"@type\":\"PropertyValueSpecification\",\"valueRequired\":true,\"valueName\":\"search_term_string\"}}],\"inLanguage\":\"sl-SI\"}]}<\/script>\n<!-- \/ Yoast SEO plugin. -->","yoast_head_json":{"title":"Ljubljana nem\u0161\u010dina - Turistika","description":"Ljubljana nem\u0161\u010dina - Knjiga v nem\u0161\u010dini predstavlja \u0161tevilne kulturne in naravne znamenitosti Ljubljane. Podatki so nanizani v strnjeni obliki","robots":{"index":"index","follow":"follow","max-snippet":"max-snippet:-1","max-image-preview":"max-image-preview:large","max-video-preview":"max-video-preview:-1"},"canonical":"https:\/\/www.turistika.si\/sl\/shop\/knjige-v-razlicnih-jezikih\/nemscina\/ljubljana-nemscina\/","og_locale":"sl_SI","og_type":"article","og_title":"Ljubljana nem\u0161\u010dina - Turistika","og_description":"Ljubljana nem\u0161\u010dina - Knjiga v nem\u0161\u010dini predstavlja \u0161tevilne kulturne in naravne znamenitosti Ljubljane. Podatki so nanizani v strnjeni obliki","og_url":"https:\/\/www.turistika.si\/sl\/shop\/knjige-v-razlicnih-jezikih\/nemscina\/ljubljana-nemscina\/","og_site_name":"Turistika","article_modified_time":"2024-03-04T01:49:39+00:00","og_image":[{"width":300,"height":512,"url":"https:\/\/www.turistika.si\/wp-content\/uploads\/2016\/11\/lj-ger-front-1.jpg","type":"image\/jpeg"}],"twitter_card":"summary_large_image","twitter_misc":{"Est. reading time":"1 minuta"},"schema":{"@context":"https:\/\/schema.org","@graph":[{"@type":"WebPage","@id":"https:\/\/www.turistika.si\/shop\/knjige-v-razlicnih-jezikih\/nemscina\/ljubljana-nemscina\/","url":"https:\/\/www.turistika.si\/shop\/knjige-v-razlicnih-jezikih\/nemscina\/ljubljana-nemscina\/","name":"Ljubljana nem\u0161\u010dina - Turistika","isPartOf":{"@id":"https:\/\/www.turistika.si\/#website"},"primaryImageOfPage":{"@id":"https:\/\/www.turistika.si\/shop\/knjige-v-razlicnih-jezikih\/nemscina\/ljubljana-nemscina\/#primaryimage"},"image":{"@id":"https:\/\/www.turistika.si\/shop\/knjige-v-razlicnih-jezikih\/nemscina\/ljubljana-nemscina\/#primaryimage"},"thumbnailUrl":"https:\/\/www.turistika.si\/wp-content\/uploads\/2016\/11\/lj-ger-front-1.jpg","datePublished":"2022-12-07T18:12:48+00:00","dateModified":"2024-03-04T01:49:39+00:00","description":"Ljubljana nem\u0161\u010dina - Knjiga v nem\u0161\u010dini predstavlja \u0161tevilne kulturne in naravne znamenitosti Ljubljane. Podatki so nanizani v strnjeni obliki","breadcrumb":{"@id":"https:\/\/www.turistika.si\/shop\/knjige-v-razlicnih-jezikih\/nemscina\/ljubljana-nemscina\/#breadcrumb"},"inLanguage":"sl-SI","potentialAction":[{"@type":"ReadAction","target":["https:\/\/www.turistika.si\/shop\/knjige-v-razlicnih-jezikih\/nemscina\/ljubljana-nemscina\/"]}]},{"@type":"ImageObject","inLanguage":"sl-SI","@id":"https:\/\/www.turistika.si\/shop\/knjige-v-razlicnih-jezikih\/nemscina\/ljubljana-nemscina\/#primaryimage","url":"https:\/\/www.turistika.si\/wp-content\/uploads\/2016\/11\/lj-ger-front-1.jpg","contentUrl":"https:\/\/www.turistika.si\/wp-content\/uploads\/2016\/11\/lj-ger-front-1.jpg","width":300,"height":512,"caption":"Ljubljana nem\u0161\u010dina"},{"@type":"BreadcrumbList","@id":"https:\/\/www.turistika.si\/shop\/knjige-v-razlicnih-jezikih\/nemscina\/ljubljana-nemscina\/#breadcrumb","itemListElement":[{"@type":"ListItem","position":1,"name":"Home","item":"https:\/\/www.turistika.si\/"},{"@type":"ListItem","position":2,"name":"Shop","item":"https:\/\/www.turistika.si\/"},{"@type":"ListItem","position":3,"name":"Ljubljana nem\u0161\u010dina"}]},{"@type":"WebSite","@id":"https:\/\/www.turistika.si\/#website","url":"https:\/\/www.turistika.si\/","name":"Turistika","description":"Zalo\u017eba Turistika ponuja turisti\u010dne knjige in digitalne vsebine o Sloveniji. Odkrijte naravne znamenitosti, kulturno dedi\u0161\u010dino in skrite koti\u010dke z na\u0161o pomo\u010djo.","potentialAction":[{"@type":"SearchAction","target":{"@type":"EntryPoint","urlTemplate":"https:\/\/www.turistika.si\/?s={search_term_string}"},"query-input":{"@type":"PropertyValueSpecification","valueRequired":true,"valueName":"search_term_string"}}],"inLanguage":"sl-SI"}]}},"_links":{"self":[{"href":"https:\/\/www.turistika.si\/sl\/wp-json\/wp\/v2\/product\/9731"}],"collection":[{"href":"https:\/\/www.turistika.si\/sl\/wp-json\/wp\/v2\/product"}],"about":[{"href":"https:\/\/www.turistika.si\/sl\/wp-json\/wp\/v2\/types\/product"}],"wp:featuredmedia":[{"embeddable":true,"href":"https:\/\/www.turistika.si\/sl\/wp-json\/wp\/v2\/media\/6245"}],"wp:attachment":[{"href":"https:\/\/www.turistika.si\/sl\/wp-json\/wp\/v2\/media?parent=9731"}],"wp:term":[{"taxonomy":"product_cat","embeddable":true,"href":"https:\/\/www.turistika.si\/sl\/wp-json\/wp\/v2\/product_cat?post=9731"},{"taxonomy":"product_tag","embeddable":true,"href":"https:\/\/www.turistika.si\/sl\/wp-json\/wp\/v2\/product_tag?post=9731"}],"curies":[{"name":"wp","href":"https:\/\/api.w.org\/{rel}","templated":true}]}}